{"id":386,"date":"2021-06-01T15:52:43","date_gmt":"2021-06-01T13:52:43","guid":{"rendered":"http:\/\/detectivesgarbo.com\/politica-de-privacidad\/"},"modified":"2021-08-08T12:08:03","modified_gmt":"2021-08-08T10:08:03","slug":"politica-de-privacidad","status":"publish","type":"page","link":"https:\/\/detectivesgarbo.com\/ca\/politica-de-privacidad\/","title":{"rendered":"Pol\u00edtica de privacitat"},"content":{"rendered":"<p>[et_pb_section fb_built=&#8221;1&#8243; admin_label=&#8221;section&#8221; _builder_version=&#8221;3.22&#8243;][et_pb_row admin_label=&#8221;row&#8221; _builder_version=&#8221;3.25&#8243; background_size=&#8221;initial&#8221; background_position=&#8221;top_left&#8221; background_repeat=&#8221;repeat&#8221;][et_pb_column type=&#8221;4_4&#8243; _builder_version=&#8221;3.25&#8243; custom_padding=&#8221;|||&#8221; custom_padding__hover=&#8221;|||&#8221;][et_pb_text admin_label=&#8221;Text&#8221; _builder_version=&#8221;4.9.4&#8243; background_size=&#8221;initial&#8221; background_position=&#8221;top_left&#8221; background_repeat=&#8221;repeat&#8221;]<\/p>\n<h2 align=\"left\" style=\"text-align: justify;\"><span style=\"font-size: 14px; color: #666666;\">POL\u00cdTICA DE PRIVACIDAD<br \/>1. INFORMACI\u00d3N AL USUARIO<br \/>\u00bfQui\u00e9n es el responsable del tratamiento de tus datos personales?<br \/>JUAN VICTORIANO CRUZ MARZA es el RESPONSABLE del tratamiento de los datos personales del USUARIO y le<br \/>informa de que estos datos ser\u00e1n tratados de conformidad con lo dispuesto en el Reglamento (UE) 2016\/679, de 27 de<br \/>abril (GDPR), y la Ley Org\u00e1nica 3\/2018, de 5 de diciembre (LOPDGDD).<br \/>\u00bfPara qu\u00e9 tratamos tus datos personales?<br \/>Para mantener una relaci\u00f3n comercial con el usuario. Las operaciones previstas para realizar el tratamiento son:<br \/>Remisi\u00f3n de comunicaciones comerciales publicitarias por e-mail, fax, SMS, MMS, redes sociales o cualquier<br \/>otro medio electr\u00f3nico o f\u00edsico, presente o futuro, que posibilite realizar comunicaciones comerciales. Estas<br \/>comunicaciones ser\u00e1n realizadas por el RESPONSABLE y estar\u00e1n relacionadas con sus productos y servicios, o<br \/>de sus colaboradores o proveedores, con los que este haya alcanzado alg\u00fan acuerdo de promoci\u00f3n. En este<br \/>caso, los terceros nunca tendr\u00e1n acceso a los datos personales.<br \/>Realizar estudios de mercado y an\u00e1lisis estad\u00edsticos.<br \/>Tramitar encargos, solicitudes, dar respuesta a las consultas o cualquier tipo de petici\u00f3n que sea realizada por el<br \/>USUARIO a trav\u00e9s de cualquiera de las formas de contacto que se ponen a su disposici\u00f3n en la p\u00e1gina web del<br \/>RESPONSABLE.<br \/>Remitir el bolet\u00edn informativo online, sobre novedades, ofertas y promociones en nuestra actividad.<br \/>\u00bfPor qu\u00e9 motivo podemos tratar tus datos personales?<br \/>Porque el tratamiento est\u00e1 legitimado por el art\u00edculo 6 del GDPR de la siguiente forma:<br \/>Con el consentimiento del USUARIO: remisi\u00f3n de comunicaciones comerciales y del bolet\u00edn informativo.<br \/>Por inter\u00e9s leg\u00edtimo del RESPONSABLE: realizar estudios de mercado, an\u00e1lisis estad\u00edsticos, etc. y tramitar<br \/>encargos, solicitudes, etc. a petici\u00f3n del USUARIO.<br \/>\u00bfDurante cu\u00e1nto tiempo guardaremos tus datos personales?<br \/>Se conservar\u00e1n durante no m\u00e1s tiempo del necesario para mantener el fin del tratamiento o existan prescripciones<br \/>legales que dictaminen su custodia y cuando ya no sea necesario para ello, se suprimir\u00e1n con medidas de seguridad<br \/>adecuadas para garantizar la anonimizaci\u00f3n de los datos o la destrucci\u00f3n total de los mismos.<br \/>\u00bfA qui\u00e9n facilitamos tus datos personales?<br \/>No est\u00e1 prevista ninguna comunicaci\u00f3n de datos personales a terceros salvo, si fuese necesario para el desarrollo y<br \/>ejecuci\u00f3n de las finalidades del tratamiento, a nuestros proveedores de servicios relacionados con comunicaciones, con<br \/>los cuales el RESPONSABLE tiene suscritos los contratos de confidencialidad y de encargado de tratamiento exigidos<br \/>por la normativa vigente de privacidad.<br \/>\u00bfCu\u00e1les son tus derechos?<br \/>Los derechos que asisten al USUARIO son:<br \/>Derecho a retirar el consentimiento en cualquier momento.<br \/>Derecho de acceso, rectificaci\u00f3n, portabilidad y supresi\u00f3n de sus datos, y de limitaci\u00f3n u oposici\u00f3n a su<br \/>tratamiento.<br \/>Derecho a presentar una reclamaci\u00f3n ante la autoridad de control (www.aepd.es) si considera que el tratamiento<br \/>no se ajusta a la normativa vigente.<br \/>Datos de contacto para ejercer sus derechos:<br \/>JUAN VICTORIANO CRUZ MARZA. Parellades, 12 A 2\u00ba Desp. 30 &#8211; 07003 Palma de Mallorca (Illes Balears). E-mail:<br \/>info@detectivesgarbo.com<br \/>2. CAR\u00c1CTER OBLIGATORIO O FACULTATIVO DE LA INFORMACI\u00d3N FACILITADA POR EL<br \/>USUARIO<br \/>Los USUARIOS, mediante la marcaci\u00f3n de las casillas correspondientes y la entrada de datos en los campos, marcados<br \/>con un asterisco (*) en el formulario de contacto o presentados en formularios de descarga, aceptan expresamente y de<br \/>forma libre e inequ\u00edvoca, que sus datos son necesarios para atender su petici\u00f3n, por parte del prestador, siendo<br \/>voluntaria la inclusi\u00f3n de datos en los campos restantes. El USUARIO garantiza que los datos personales facilitados al<br \/>RESPONSABLE son veraces y se hace responsable de comunicar cualquier modificaci\u00f3n de los mismos.<br \/>El RESPONSABLE informa de que todos los datos solicitados a trav\u00e9s del sitio web son obligatorios, ya que son<br \/>necesarios para la prestaci\u00f3n de un servicio \u00f3ptimo al USUARIO. En caso de que no se faciliten todos los datos, no se<br \/>garantiza que la informaci\u00f3n y servicios facilitados sean completamente ajustados a sus necesidades.<br \/>3. MEDIDAS DE SEGURIDAD<br \/>Que de conformidad con lo dispuesto en las normativas vigentes en protecci\u00f3n de datos personales, el RESPONSABLE<br \/>est\u00e1 cumpliendo con todas las disposiciones de las normativas GDPR y LOPDGDD para el tratamiento de los datos<br \/>personales de su responsabilidad, y manifiestamente con los principios descritos en el art\u00edculo 5 del GDPR, por los<br \/>cuales son tratados de manera l\u00edcita, leal y transparente en relaci\u00f3n con el interesado y adecuados, pertinentes y<br \/>limitados a lo necesario en relaci\u00f3n con los fines para los que son tratados.<br \/>El RESPONSABLE garantiza que ha implementado pol\u00edticas t\u00e9cnicas y organizativas apropiadas para aplicar las<br \/>medidas de seguridad que establecen el GDPR y la LOPDGDD con el fin de proteger los derechos y libertades de los<br \/>USUARIOS y les ha comunicado la informaci\u00f3n adecuada para que puedan ejercerlos.<br \/>Para m\u00e1s informaci\u00f3n sobre las garant\u00edas de privacidad, puedes dirigirte al RESPONSABLE a trav\u00e9s de JUAN<br \/>VICTORIANO CRUZ MARZA. Parellades, 12 A 2\u00ba Desp. 30 &#8211; 07003 Palma de Mallorca (Illes Balears). E-mail:<br \/>info@detectivesgarbo.comdecuada para que puedan ejercerlos.<\/span><\/h2>\n<p><span style=\"font-size: 14px; color: #666666;\"><\/span><\/p>\n<p><span style=\"font-size: 14px; color: #666666;\">PRIVACY POLICY<br \/>1. USER INFORMATION<br \/>Who is the controller of your personal data?<br \/>JUAN VICTORIANO CRUZ MARZA is the CONTROLLER of the USER\u2019s personal data and informs him\/her that these<br \/>data shall be processed in accordance with the provisions of Regulation (EU) 2016\/679 of 27 April (GDPR) and the<br \/>Organic Law 3\/2018 of 5 December (LOPDGDD).<br \/>Why do process your personal data?<br \/>To maintain a commercial relationship with the user. The planned processing operations are:<br \/>Sending commercial advertising communications by email, fax, SMS, MMS, social networks or by any other<br \/>electronic or physical means, present or future, that make it possible to carry out commercial communications.<br \/>These communications will be made by the CONTROLLER and will be related to their products and services, or<br \/>those of their partners or suppliers with whom they have reached a promotion agreement. In this case, the third<br \/>parties will never have access to personal data.<br \/>Conduct market research and statistical analysis.<br \/>Processing orders, requests, respond to queries or any type of request made by the USER through any of the<br \/>contact methods available at the CONTROLLER\u2019s website.<br \/>Send the online newsletter on news, offers and promotions in our activity.<br \/>Why can we process your personal data?<br \/>Because the processing is legitimised by article 6 of the GDPR as follows:<br \/>With the USER\u2019s consent: sending commercial communications and the newsletter.<br \/>In the legitimate interest of the CONTROLLER: conduct market research, statistical analysis, etc. and process<br \/>orders, requests, etc. at the request of the USER.<br \/>For how long will we keep your personal data?<br \/>Data shall be stored for no longer than is necessary to maintain the purpose of the processing or for as long as there are<br \/>legal prescriptions dictating their custody, and when such purpose is no longer necessary the data shall be erased with<br \/>appropriate security measures to ensure the anonymization of the data or their complete destruction.<br \/>\u00bfTo whom do we disclose your personal data?<br \/>No communication of personal data to third parties is foreseen except, if necessary for the development and execution of<br \/>the purposes of the processing, to our suppliers of services related to communications, with which the CONTROLLER<br \/>has signed the confidentiality and data processor contracts required by current privacy regulations.<br \/>What are your rights?<br \/>The rights of the USER are:<br \/>Right to withdraw consent at any time.<br \/>Right of access, rectification, portability and erasure of your data and the limitation or objection to their<br \/>processing.<br \/>The right to file a claim with the Spanish Supervisory Authority (www.aepd.es) if you consider that the processing<br \/>does not comply with the current legislation.<br \/>Contact information for exercising rights:<br \/>JUAN VICTORIANO CRUZ MARZA. Parellades, 12 A 2\u00ba Desp. 30 &#8211; 07003 Palma de Mallorca (Illes Balears). E-mail:<br \/>info@detectivesgarbo.com<br \/>2. COMPULSORY OR OPTIONAL NATURE OF THE INFORMATION PROVIDED BY THE USER<br \/>The USERS, by marking the corresponding boxes and entering data in the fields, marked with an asterisk (*) in the<br \/>contact form or download forms, accept expressly and in a free and unequivocal way that their data are necessary for the<br \/>supplier to meet their request, voluntarily providing their data in the remaining fields. The USER ensures that the<br \/>personal data provided to the CONTROLLER are true and is responsible for communicating any changes to them.<br \/>The CONTROLLER informs that all data requested through the website are mandatory, as they are necessary for the<br \/>provision of an optimal service to the USER. In the event that not all of the data is provided, there is no guarantee that<br \/>the information and services provided will be completely adapted to the User\u2019s needs.<br \/>3. SECURITY MEASURES<br \/>That in accordance with the provisions of the current regulations on the protection of personal data, the CONTROLLER<br \/>is complying with all the provisions of the GDPR and LOPDGDD regulations for processing the personal data for which<br \/>they are responsible, and is manifestly complying with the principles described in Article 5 of the GDPR, by which they<br \/>are processed in a lawful, fair and transparent manner in relation to the data subject and appropriate, relevant and limited<br \/>to what is necessary in relation to the purposes for which they are processed.<br \/>The CONTROLLER guarantees that all appropriate technical and organisational policies have been implemented to<br \/>apply the security measures established by the GDPR and LOPDGDD in order to protect the rights and freedoms of<br \/>USERS and has communicated the appropriate information for them to be able to exercise them.<br \/>For more information about privacy guarantees, you can contact the CONTROLLER through JUAN VICTORIANO CRUZ<br \/>MARZA. Parellades, 12 A 2\u00ba Desp. 30 &#8211; 07003 Palma de Mallorca (Illes Balears). E-mail: info@detectivesgarbo.com<\/span><\/p>\n<p>&nbsp;<\/p>\n<p>&nbsp;<\/p>\n<p><!-- \/divi:paragraph -->[\/et_pb_text][\/et_pb_column][\/et_pb_row][\/et_pb_section]<\/p>\n","protected":false},"excerpt":{"rendered":"<p>POL\u00cdTICA DE PRIVACIDAD1. INFORMACI\u00d3N AL USUARIO\u00bfQui\u00e9n es el responsable del tratamiento de tus datos personales?JUAN VICTORIANO CRUZ MARZA es el RESPONSABLE del tratamiento de los datos personales del USUARIO y leinforma de que estos datos ser\u00e1n tratados de conformidad con lo dispuesto en el Reglamento (UE) 2016\/679, de 27 deabril (GDPR), y la Ley Org\u00e1nica [&hellip;]<\/p>\n","protected":false},"author":1,"featured_media":0,"parent":0,"menu_order":0,"comment_status":"closed","ping_status":"closed","template":"","meta":{"_et_pb_use_builder":"on","_et_pb_old_content":"","_et_gb_content_width":"","footnotes":"","_links_to":"","_links_to_target":""},"class_list":["post-386","page","type-page","status-publish","hentry"],"yoast_head":"<!-- This site is optimized with the Yoast SEO plugin v27.4 - https:\/\/yoast.com\/product\/yoast-seo-wordpress\/ -->\n<title>Pol\u00edtica de privacitat - Detectives Garbo<\/title>\n<meta name=\"robots\" content=\"index, follow, max-snippet:-1, max-image-preview:large, max-video-preview:-1\" \/>\n<link rel=\"canonical\" href=\"https:\/\/detectivesgarbo.com\/ca\/politica-de-privacidad\/\" \/>\n<meta property=\"og:locale\" content=\"ca_ES\" \/>\n<meta property=\"og:type\" content=\"article\" \/>\n<meta property=\"og:title\" content=\"Pol\u00edtica de privacitat - Detectives Garbo\" \/>\n<meta property=\"og:description\" content=\"POL\u00cdTICA DE PRIVACIDAD1. INFORMACI\u00d3N AL USUARIO\u00bfQui\u00e9n es el responsable del tratamiento de tus datos personales?JUAN VICTORIANO CRUZ MARZA es el RESPONSABLE del tratamiento de los datos personales del USUARIO y leinforma de que estos datos ser\u00e1n tratados de conformidad con lo dispuesto en el Reglamento (UE) 2016\/679, de 27 deabril (GDPR), y la Ley Org\u00e1nica [&hellip;]\" \/>\n<meta property=\"og:url\" content=\"https:\/\/detectivesgarbo.com\/ca\/politica-de-privacidad\/\" \/>\n<meta property=\"og:site_name\" content=\"Detectives Garbo\" \/>\n<meta property=\"article:publisher\" content=\"https:\/\/www.facebook.com\/detectives.garbo\/\" \/>\n<meta property=\"article:modified_time\" content=\"2021-08-08T10:08:03+00:00\" \/>\n<meta name=\"twitter:card\" content=\"summary_large_image\" \/>\n<meta name=\"twitter:label1\" content=\"Temps estimat de lectura\" \/>\n\t<meta name=\"twitter:data1\" content=\"8 minuts\" \/>\n<script type=\"application\/ld+json\" class=\"yoast-schema-graph\">{\"@context\":\"https:\\\/\\\/schema.org\",\"@graph\":[{\"@type\":\"WebPage\",\"@id\":\"https:\\\/\\\/detectivesgarbo.com\\\/ca\\\/politica-de-privacidad\\\/\",\"url\":\"https:\\\/\\\/detectivesgarbo.com\\\/ca\\\/politica-de-privacidad\\\/\",\"name\":\"Pol\u00edtica de privacitat - Detectives Garbo\",\"isPartOf\":{\"@id\":\"https:\\\/\\\/detectivesgarbo.com\\\/#website\"},\"datePublished\":\"2021-06-01T13:52:43+00:00\",\"dateModified\":\"2021-08-08T10:08:03+00:00\",\"breadcrumb\":{\"@id\":\"https:\\\/\\\/detectivesgarbo.com\\\/ca\\\/politica-de-privacidad\\\/#breadcrumb\"},\"inLanguage\":\"ca\",\"potentialAction\":[{\"@type\":\"ReadAction\",\"target\":[\"https:\\\/\\\/detectivesgarbo.com\\\/ca\\\/politica-de-privacidad\\\/\"]}]},{\"@type\":\"BreadcrumbList\",\"@id\":\"https:\\\/\\\/detectivesgarbo.com\\\/ca\\\/politica-de-privacidad\\\/#breadcrumb\",\"itemListElement\":[{\"@type\":\"ListItem\",\"position\":1,\"name\":\"Portada\",\"item\":\"https:\\\/\\\/detectivesgarbo.com\\\/ca\\\/\"},{\"@type\":\"ListItem\",\"position\":2,\"name\":\"Pol\u00edtica de privacitat\"}]},{\"@type\":\"WebSite\",\"@id\":\"https:\\\/\\\/detectivesgarbo.com\\\/#website\",\"url\":\"https:\\\/\\\/detectivesgarbo.com\\\/\",\"name\":\"Detectives Garbo\",\"description\":\"Servicios en Mallorca, Ibiza, Menorca, Formentera y Alicante\",\"publisher\":{\"@id\":\"https:\\\/\\\/detectivesgarbo.com\\\/#organization\"},\"potentialAction\":[{\"@type\":\"SearchAction\",\"target\":{\"@type\":\"EntryPoint\",\"urlTemplate\":\"https:\\\/\\\/detectivesgarbo.com\\\/?s={search_term_string}\"},\"query-input\":{\"@type\":\"PropertyValueSpecification\",\"valueRequired\":true,\"valueName\":\"search_term_string\"}}],\"inLanguage\":\"ca\"},{\"@type\":\"Organization\",\"@id\":\"https:\\\/\\\/detectivesgarbo.com\\\/#organization\",\"name\":\"Detectives Garbo\",\"alternateName\":\"DG\",\"url\":\"https:\\\/\\\/detectivesgarbo.com\\\/\",\"logo\":{\"@type\":\"ImageObject\",\"inLanguage\":\"ca\",\"@id\":\"https:\\\/\\\/detectivesgarbo.com\\\/#\\\/schema\\\/logo\\\/image\\\/\",\"url\":\"https:\\\/\\\/detectivesgarbo.com\\\/wp-content\\\/uploads\\\/2021\\\/07\\\/LOGOS-24.png\",\"contentUrl\":\"https:\\\/\\\/detectivesgarbo.com\\\/wp-content\\\/uploads\\\/2021\\\/07\\\/LOGOS-24.png\",\"width\":843,\"height\":627,\"caption\":\"Detectives Garbo\"},\"image\":{\"@id\":\"https:\\\/\\\/detectivesgarbo.com\\\/#\\\/schema\\\/logo\\\/image\\\/\"},\"sameAs\":[\"https:\\\/\\\/www.facebook.com\\\/detectives.garbo\\\/\",\"https:\\\/\\\/www.instagram.com\\\/detectives__garbo\\\/\",\"https:\\\/\\\/www.linkedin.com\\\/company\\\/5233409\\\/admin\\\/\",\"https:\\\/\\\/www.youtube.com\\\/channel\\\/UCf4qYDuQXW63bsA5J3I-FhA\"]}]}<\/script>\n<!-- \/ Yoast SEO plugin. -->","yoast_head_json":{"title":"Pol\u00edtica de privacitat - Detectives Garbo","robots":{"index":"index","follow":"follow","max-snippet":"max-snippet:-1","max-image-preview":"max-image-preview:large","max-video-preview":"max-video-preview:-1"},"canonical":"https:\/\/detectivesgarbo.com\/ca\/politica-de-privacidad\/","og_locale":"ca_ES","og_type":"article","og_title":"Pol\u00edtica de privacitat - Detectives Garbo","og_description":"POL\u00cdTICA DE PRIVACIDAD1. INFORMACI\u00d3N AL USUARIO\u00bfQui\u00e9n es el responsable del tratamiento de tus datos personales?JUAN VICTORIANO CRUZ MARZA es el RESPONSABLE del tratamiento de los datos personales del USUARIO y leinforma de que estos datos ser\u00e1n tratados de conformidad con lo dispuesto en el Reglamento (UE) 2016\/679, de 27 deabril (GDPR), y la Ley Org\u00e1nica [&hellip;]","og_url":"https:\/\/detectivesgarbo.com\/ca\/politica-de-privacidad\/","og_site_name":"Detectives Garbo","article_publisher":"https:\/\/www.facebook.com\/detectives.garbo\/","article_modified_time":"2021-08-08T10:08:03+00:00","twitter_card":"summary_large_image","twitter_misc":{"Temps estimat de lectura":"8 minuts"},"schema":{"@context":"https:\/\/schema.org","@graph":[{"@type":"WebPage","@id":"https:\/\/detectivesgarbo.com\/ca\/politica-de-privacidad\/","url":"https:\/\/detectivesgarbo.com\/ca\/politica-de-privacidad\/","name":"Pol\u00edtica de privacitat - Detectives Garbo","isPartOf":{"@id":"https:\/\/detectivesgarbo.com\/#website"},"datePublished":"2021-06-01T13:52:43+00:00","dateModified":"2021-08-08T10:08:03+00:00","breadcrumb":{"@id":"https:\/\/detectivesgarbo.com\/ca\/politica-de-privacidad\/#breadcrumb"},"inLanguage":"ca","potentialAction":[{"@type":"ReadAction","target":["https:\/\/detectivesgarbo.com\/ca\/politica-de-privacidad\/"]}]},{"@type":"BreadcrumbList","@id":"https:\/\/detectivesgarbo.com\/ca\/politica-de-privacidad\/#breadcrumb","itemListElement":[{"@type":"ListItem","position":1,"name":"Portada","item":"https:\/\/detectivesgarbo.com\/ca\/"},{"@type":"ListItem","position":2,"name":"Pol\u00edtica de privacitat"}]},{"@type":"WebSite","@id":"https:\/\/detectivesgarbo.com\/#website","url":"https:\/\/detectivesgarbo.com\/","name":"Detectives Garbo","description":"Servicios en Mallorca, Ibiza, Menorca, Formentera y Alicante","publisher":{"@id":"https:\/\/detectivesgarbo.com\/#organization"},"potentialAction":[{"@type":"SearchAction","target":{"@type":"EntryPoint","urlTemplate":"https:\/\/detectivesgarbo.com\/?s={search_term_string}"},"query-input":{"@type":"PropertyValueSpecification","valueRequired":true,"valueName":"search_term_string"}}],"inLanguage":"ca"},{"@type":"Organization","@id":"https:\/\/detectivesgarbo.com\/#organization","name":"Detectives Garbo","alternateName":"DG","url":"https:\/\/detectivesgarbo.com\/","logo":{"@type":"ImageObject","inLanguage":"ca","@id":"https:\/\/detectivesgarbo.com\/#\/schema\/logo\/image\/","url":"https:\/\/detectivesgarbo.com\/wp-content\/uploads\/2021\/07\/LOGOS-24.png","contentUrl":"https:\/\/detectivesgarbo.com\/wp-content\/uploads\/2021\/07\/LOGOS-24.png","width":843,"height":627,"caption":"Detectives Garbo"},"image":{"@id":"https:\/\/detectivesgarbo.com\/#\/schema\/logo\/image\/"},"sameAs":["https:\/\/www.facebook.com\/detectives.garbo\/","https:\/\/www.instagram.com\/detectives__garbo\/","https:\/\/www.linkedin.com\/company\/5233409\/admin\/","https:\/\/www.youtube.com\/channel\/UCf4qYDuQXW63bsA5J3I-FhA"]}]}},"_links":{"self":[{"href":"https:\/\/detectivesgarbo.com\/ca\/wp-json\/wp\/v2\/pages\/386","targetHints":{"allow":["GET"]}}],"collection":[{"href":"https:\/\/detectivesgarbo.com\/ca\/wp-json\/wp\/v2\/pages"}],"about":[{"href":"https:\/\/detectivesgarbo.com\/ca\/wp-json\/wp\/v2\/types\/page"}],"author":[{"embeddable":true,"href":"https:\/\/detectivesgarbo.com\/ca\/wp-json\/wp\/v2\/users\/1"}],"replies":[{"embeddable":true,"href":"https:\/\/detectivesgarbo.com\/ca\/wp-json\/wp\/v2\/comments?post=386"}],"version-history":[{"count":5,"href":"https:\/\/detectivesgarbo.com\/ca\/wp-json\/wp\/v2\/pages\/386\/revisions"}],"predecessor-version":[{"id":1450,"href":"https:\/\/detectivesgarbo.com\/ca\/wp-json\/wp\/v2\/pages\/386\/revisions\/1450"}],"wp:attachment":[{"href":"https:\/\/detectivesgarbo.com\/ca\/wp-json\/wp\/v2\/media?parent=386"}],"curies":[{"name":"wp","href":"https:\/\/api.w.org\/{rel}","templated":true}]}}