{"id":7122,"date":"2022-09-28T15:48:56","date_gmt":"2022-09-28T13:48:56","guid":{"rendered":"https:\/\/detectivesgarbo.com\/rechtlicher-hinweis\/"},"modified":"2022-10-11T11:32:05","modified_gmt":"2022-10-11T09:32:05","slug":"rechtlicher-hinweis","status":"publish","type":"page","link":"https:\/\/detectivesgarbo.com\/de\/rechtlicher-hinweis\/","title":{"rendered":"Rechtlicher Hinweis"},"content":{"rendered":"\n[et_pb_section fb_built=&#8220;1&#8243; fullwidth=&#8220;on&#8220; disabled_on=&#8220;on|off|off&#8220; admin_label=&#8220;Page Header&#8220; _builder_version=&#8220;4.16&#8243; max_height=&#8220;1000px&#8220; custom_padding=&#8220;||0px|||&#8220; locked=&#8220;off&#8220; global_colors_info=&#8220;{}&#8220;][et_pb_fullwidth_header title=&#8220;Privatdetektive&#8220; subhead=&#8220;Mallorca, Menorca, Ibiza und Formentera&#8220; text_orientation=&#8220;center&#8220; admin_label=&#8220;Hero Section&#8220; _builder_version=&#8220;4.18.0&#8243; title_level=&#8220;h2&#8243; title_font=&#8220;Montserrat|700|||||||&#8220; title_text_align=&#8220;center&#8220; title_font_size=&#8220;60px&#8220; title_line_height=&#8220;1.4em&#8220; content_font=&#8220;Montserrat||||||||&#8220; content_text_align=&#8220;center&#8220; content_font_size=&#8220;16px&#8220; content_line_height=&#8220;2.8em&#8220; subhead_font=&#8220;Montserrat|600|||||||&#8220; subhead_text_align=&#8220;center&#8220; subhead_font_size=&#8220;29px&#8220; subhead_line_height=&#8220;1.4em&#8220; background_color=&#8220;rgba(255, 255, 255, 0)&#8220; use_background_color_gradient=&#8220;on&#8220; background_color_gradient_stops=&#8220;#143c6c 0%|rgba(73,108,220,0.7) 50%&#8220; background_color_gradient_start=&#8220;#143c6c&#8220; background_color_gradient_end=&#8220;rgba(73,108,220,0.7)&#8220; background_color_gradient_end_position=&#8220;50%&#8220; custom_button_one=&#8220;on&#8220; button_one_text_size=&#8220;16px&#8220; button_one_bg_color=&#8220;#6eba01&#8243; button_one_border_width=&#8220;2px&#8220; button_one_border_color=&#8220;#6eba01&#8243; button_one_border_radius=&#8220;0&#8243; button_one_letter_spacing=&#8220;2&#8243; button_one_font=&#8220;Montserrat|||on|&#8220; button_one_use_icon=&#8220;off&#8220; custom_button_two=&#8220;on&#8220; button_two_text_size=&#8220;16px&#8220; button_two_border_width=&#8220;2px&#8220; button_two_border_color=&#8220;#ffffff&#8220; button_two_border_radius=&#8220;0&#8243; button_two_letter_spacing=&#8220;2&#8243; button_two_font=&#8220;Montserrat|||on|&#8220; button_two_use_icon=&#8220;off&#8220; module_alignment=&#8220;center&#8220; min_height=&#8220;297px&#8220; custom_padding=&#8220;44px|0px|27px|0px||&#8220; animation_style=&#8220;fade&#8220; title_font_size_tablet=&#8220;&#8220; title_font_size_phone=&#8220;48px&#8220; title_font_size_last_edited=&#8220;on|desktop&#8220; button_one_text_color_hover=&#8220;#6eba01&#8243; button_two_text_color_hover=&#8220;#6eba01&#8243; button_one_border_color_hover=&#8220;#ffffff&#8220; button_two_border_color_hover=&#8220;#ffffff&#8220; button_one_border_radius_hover=&#8220;0&#8243; button_two_border_radius_hover=&#8220;0&#8243; button_one_letter_spacing_hover=&#8220;2&#8243; button_two_letter_spacing_hover=&#8220;2&#8243; button_one_bg_color_hover=&#8220;#ffffff&#8220; button_two_bg_color_hover=&#8220;#ffffff&#8220; global_colors_info=&#8220;{}&#8220; button_one_text_size__hover_enabled=&#8220;off&#8220; button_two_text_size__hover_enabled=&#8220;off&#8220; button_one_text_color__hover_enabled=&#8220;on&#8220; button_one_text_color__hover=&#8220;#6eba01&#8243; button_two_text_color__hover_enabled=&#8220;on&#8220; button_two_text_color__hover=&#8220;#6eba01&#8243; button_one_border_width__hover_enabled=&#8220;off&#8220; button_two_border_width__hover_enabled=&#8220;off&#8220; button_one_border_color__hover_enabled=&#8220;on&#8220; button_one_border_color__hover=&#8220;#ffffff&#8220; button_two_border_color__hover_enabled=&#8220;on&#8220; button_two_border_color__hover=&#8220;#ffffff&#8220; button_one_border_radius__hover_enabled=&#8220;on&#8220; button_one_border_radius__hover=&#8220;0&#8243; button_two_border_radius__hover_enabled=&#8220;on&#8220; button_two_border_radius__hover=&#8220;0&#8243; button_one_letter_spacing__hover_enabled=&#8220;on&#8220; button_one_letter_spacing__hover=&#8220;2&#8243; button_two_letter_spacing__hover_enabled=&#8220;on&#8220; button_two_letter_spacing__hover=&#8220;2&#8243; button_one_bg_color__hover_enabled=&#8220;on&#8220; button_one_bg_color__hover=&#8220;#ffffff&#8220; button_two_bg_color__hover_enabled=&#8220;on&#8220; button_two_bg_color__hover=&#8220;#ffffff&#8220;]<h2><\/h2>\r\n<h2><\/h2>\r\n<h2>Detectives en Baleares<\/h2>[\/et_pb_fullwidth_header][\/et_pb_section][et_pb_section fb_built=&#8220;1&#8243; _builder_version=&#8220;4.16&#8243; _module_preset=&#8220;default&#8220; custom_padding=&#8220;54px||54px||true|&#8220; global_colors_info=&#8220;{}&#8220;][et_pb_row _builder_version=&#8220;4.18.0&#8243; _module_preset=&#8220;default&#8220; use_background_color_gradient=&#8220;off&#8220; width=&#8220;100%&#8220; max_width=&#8220;2560px&#8220; module_alignment=&#8220;center&#8220; global_colors_info=&#8220;{}&#8220;][et_pb_column type=&#8220;4_4&#8243; _builder_version=&#8220;4.16&#8243; _module_preset=&#8220;default&#8220; global_colors_info=&#8220;{}&#8220;][et_pb_blurb title=&#8220;BALEARISCHE DETEKTIVE &#8211; RECHTLICHER HINWEIS&#8220; content_max_width=&#8220;1100px&#8220; _builder_version=&#8220;4.18.0&#8243; _module_preset=&#8220;default&#8220; header_font=&#8220;Montserrat|600|||||||&#8220; header_text_align=&#8220;center&#8220; header_text_color=&#8220;#143c6c&#8220; header_font_size=&#8220;30px&#8220; header_line_height=&#8220;1.2em&#8220; body_font=&#8220;Montserrat||||||||&#8220; body_text_align=&#8220;justify&#8220; body_font_size=&#8220;16px&#8220; body_line_height=&#8220;1.8em&#8220; max_width=&#8220;90%&#8220; module_alignment=&#8220;center&#8220; hover_enabled=&#8220;0&#8243; global_colors_info=&#8220;{}&#8220; sticky_enabled=&#8220;0&#8243;]<p style=\"text-align: left;\"><span style=\"color: #143c6c;\"><strong><\/strong><\/span><\/p>\n<h4 style=\"text-align: center;\"><a href=\"https:\/\/www.boe.es\/buscar\/act.php?id=BOE-A-2002-13758\" target=\"_blank\" rel=\"noopener\"><span style=\"color: #666666; font-size: large;\"><strong>INFORMATION SOCIETY SERVICES LAW (LSSI)<\/strong><\/span><\/a><\/h4>\n<p><strong>\u00a0<\/strong><\/p>\n<p>JUAN VICTORIANO CRUZ MARZA, verantwortlich f\u00fcr die Website, im Folgenden VERANTWORTLICH, stellt dieses Dokument den Benutzern zur Verf\u00fcgung, mit denen es beabsichtigt, den Verpflichtungen nachzukommen, die im Gesetz 34\/2002 vom 11. Juli \u00fcber Dienste der Informationsgesellschaft und des elektronischen Handels festgelegt sind (LSSICE), BOE Nr. 166, sowie die Information aller Benutzer der Website \u00fcber die Nutzungsbedingungen.<\/p>\n<p>Jede Person, die auf diese Website zugreift, \u00fcbernimmt die Rolle des Benutzers und verpflichtet sich zur Einhaltung und strikten Einhaltung der hierin enthaltenen Bestimmungen sowie aller anderen anwendbaren gesetzlichen Bestimmungen.<\/p>\n<p>JUAN VICTORIANO CRUZ MARZA beh\u00e4lt sich das Recht vor, jede Art von Informationen, die auf der Website erscheinen, zu \u00e4ndern, ohne dass eine Verpflichtung besteht, die Benutzer im Voraus dar\u00fcber zu informieren oder die Benutzer \u00fcber diese Verpflichtungen zu informieren, wobei die Ver\u00f6ffentlichung auf der JUAN-Website als ausreichend angesehen wird<\/p>\n<p><span><\/span><\/p>\n<p><span style=\"color: #143c6c;\"><strong><span style=\"font-size: 16px; background-color: #ffffff;\">1.\u00a0\u00a0<\/span><span style=\"font-size: 16px; background-color: #ffffff;\">IDENTIFIKATIONSDATEN<\/span><\/strong><\/span><\/p>\n<p>Dom\u00e4nenname<span>: <\/span><span><a href=\"http:\/\/www.detectivesgarbo.com\/\"><\/a><\/span><span>\u00a0<a href=\"http:\/\/www.detectivesgarbo.com\/\">www.detectivesgarbo.com<\/a> <\/span><\/p>\n<p><span>Handelsname: <a href=\"https:\/\/detectivesgarbo.com\/de\/\" target=\"_blank\" rel=\"noopener\">DETECTIVES GARBO<\/a><\/span><\/p>\n<p><span>Firmenname: JUAN VICTORIANO CRUZ MARZA<\/span><\/p>\n<p><span> NIF: 43056687C<\/span><\/p>\n<p><span>Eingetragener Sitz: Carrer de les Parellades, 12-A, Dpcho. 30, 07003 Palma de Mallorca (ISLAS BALEARES)<\/span><\/p>\n<p><span>Tel\u00e9fono: 971.101.484<\/span><\/p>\n<p><span>E-mail: <a href=\"mailto:info@detectivesgarbo.com\">info@detectivesgarbo.com<\/a><\/span><\/p>\n<p>&nbsp;<\/p>\n<p><span style=\"color: #143c6c;\"><strong>2.\u00a0 GEISTIGE UND GEWERBLICHE EIGENTUMSRECHTE<\/strong><\/span><\/p>\n<p>Die Website, Detectives Garbo, einschlie\u00dflich, aber nicht beschr\u00e4nkt auf ihre Programmierung, Bearbeitung, Zusammenstellung und andere f\u00fcr ihren Betrieb notwendige Elemente, die Designs, Logos, Texte und\/oder Grafiken, sind Eigentum des VERANTWORTLICHEN oder, falls zutreffend, hat er a Lizenz oder ausdr\u00fcckliche Genehmigung der Autoren. Alle Inhalte der Website sind ordnungsgem\u00e4\u00df durch die Vorschriften \u00fcber geistiges und gewerbliches Eigentum gesch\u00fctzt und in den entsprechenden \u00f6ffentlichen Registern eingetragen.<\/p>\n<p>Ungeachtet des Zwecks, f\u00fcr den sie bestimmt waren, bedarf die vollst\u00e4ndige oder teilweise Vervielf\u00e4ltigung, Nutzung, Verwertung, Verbreitung und Vermarktung in jedem Fall der vorherigen schriftlichen Genehmigung des VERANTWORTLICHEN. Jede nicht zuvor genehmigte Nutzung gilt als schwerwiegende Verletzung der geistigen oder gewerblichen Eigentumsrechte des Urhebers.<\/p>\n<p>Die Designs, Logos, Texte und\/oder Grafiken, die nicht dem VERANTWORTLICHEN geh\u00f6ren und die auf der Website erscheinen k\u00f6nnen, geh\u00f6ren ihren jeweiligen Eigent\u00fcmern, die selbst f\u00fcr alle m\u00f6glichen Kontroversen verantwortlich sind, die in Bezug auf sie entstehen k\u00f6nnen. Der VERANTWORTLICHE gestattet Dritten ausdr\u00fccklich, direkt auf die spezifischen Inhalte der <strong><a href=\"https:\/\/detectivesgarbo.com\/de\/\" target=\"_blank\" rel=\"noopener\">Website umzuleiten und in jedem Fall auf die Hauptwebsite von www.detectivesgarbo.com umzuleiten<\/a><\/strong>.<\/p>\n<p>Der VERANTWORTLICHE erkennt zugunsten seiner Eigent\u00fcmer die entsprechenden geistigen und gewerblichen Eigentumsrechte an, und ihre blo\u00dfe Erw\u00e4hnung oder ihr Erscheinen auf der Website impliziert nicht das Bestehen von Rechten oder Verantwortung f\u00fcr sie, noch impliziert sie eine Billigung, F\u00f6rderung oder Empfehlung durch diese . . .<\/p>\n<p>Um jede Art von Beobachtung bez\u00fcglich m\u00f6glicher Verletzungen der Rechte an geistigem oder gewerblichem Eigentum sowie der Inhalte der Website zu machen, k\u00f6nnen <a href=\"mailto:info@detectivesgarbo.com\" target=\"_blank\" rel=\"noopener\"><strong>Sie dies \u00fcber die E-Mail info@detectivesgarbo.com tun<\/strong><\/a>.<\/p>\n<p>&nbsp;<\/p>\n<p><span style=\"color: #143c6c;\"><strong>3.\u00a0 HAFTUNGSAUSSCHULUSS<\/strong><\/span><\/p>\n<p>Der VERANTWORTLICHE ist von jeglicher Verantwortung befreit, die sich aus den auf seiner Website ver\u00f6ffentlichten Informationen ergibt, sofern diese Informationen von Dritten, die nichts mit ihm zu tun haben, manipuliert oder eingef\u00fchrt wurden.<\/p>\n<p><span><\/span><\/p>\n<p><strong>Verwendung von Cookies<\/strong><\/p>\n<p>Diese Website kann technische Cookies (kleine Informationsdateien, die der Server an den Computer der Person sendet, die auf die Seite zugreift) verwenden, um bestimmte Funktionen auszuf\u00fchren, die f\u00fcr das ordnungsgem\u00e4\u00dfe Funktionieren und Anzeigen der Website als wesentlich erachtet werden. Die verwendeten Cookies sind in jedem Fall tempor\u00e4r und dienen ausschlie\u00dflich dazu, das Surfen effizienter zu gestalten, und verschwinden, wenn die Sitzung des Benutzers endet. In keinem Fall liefern diese Cookies selbst personenbezogene Daten und werden nicht zu deren Erhebung verwendet.<\/p>\n<p>Durch die Verwendung von Cookies ist es auch m\u00f6glich, dass der Server, auf dem sich die Website befindet, den vom Benutzer verwendeten Browser erkennt, um die Navigation zu erleichtern und beispielsweise Benutzern, die sich zuvor f\u00fcr die Bereiche, Dienste, Aktionen registriert haben, den Zugriff zu erm\u00f6glichen oder Wettbewerbe, die ausschlie\u00dflich ihnen vorbehalten sind, ohne sich f\u00fcr jeden Besuch registrieren zu m\u00fcssen. Sie k\u00f6nnen auch verwendet werden, um das Publikum zu messen, Verkehrsparameter, den Fortschritt und die Anzahl der Eintr\u00e4ge zu kontrollieren usw. In diesen F\u00e4llen sind diese Cookies technisch entbehrlich, aber f\u00fcr den Benutzer von Vorteil. Diese Website installiert keine entbehrlichen Cookies ohne die vorherige Zustimmung des Benutzers.<\/p>\n<p>Der Benutzer hat die M\u00f6glichkeit, seinen Browser so zu konfigurieren, dass er \u00fcber den Empfang von Cookies informiert wird und deren Installation auf seinem Computer verhindert. Weitere Informationen entnehmen Sie bitte der Anleitung Ihres Browsers.<\/p>\n<p>&nbsp;<\/p>\n<p><strong>Linkpolitik<\/strong><\/p>\n<p>Von der Website aus werden Sie m\u00f6glicherweise zu Inhalten von Websites Dritter weitergeleitet. Da der VERANTWORTLICHE die von Dritten auf ihren jeweiligen Websites eingef\u00fchrten Inhalte nicht immer kontrollieren kann, \u00fcbernimmt er keinerlei Verantwortung in Bezug auf diese Inhalte. In jedem Fall werden alle Inhalte, die gegen nationale oder internationale Gesetze, die guten Sitten oder die \u00f6ffentliche Ordnung versto\u00dfen k\u00f6nnten, unverz\u00fcglich entfernt, die Weiterleitung auf diese Website unverz\u00fcglich zur\u00fcckgezogen und die zust\u00e4ndigen Beh\u00f6rden \u00fcber die betreffenden Inhalte informiert.<\/p>\n<p>Der VERANTWORTLICHE ist nicht verantwortlich f\u00fcr Informationen und Inhalte, die beispielsweise, aber nicht ausschlie\u00dflich, in Foren, Chats, Blog-Generatoren, Kommentaren, sozialen Netzwerken oder anderen Mitteln gespeichert sind, die es Dritten erm\u00f6glichen, Inhalte unabh\u00e4ngig auf der Website zu ver\u00f6ffentlichen VERANTWORTLICH. Sie wird jedoch in \u00dcbereinstimmung mit den Bestimmungen der Artikel 11 und 16 des LSSICE allen Benutzern, Beh\u00f6rden und Sicherheitskr\u00e4ften zur Verf\u00fcgung gestellt, die aktiv an der R\u00fccknahme oder gegebenenfalls Sperrung aller Inhalte mitwirken, die sich auf sie auswirken oder gegen sie versto\u00dfen k\u00f6nnten nationale oder internationale Gesetzgebung, die Rechte Dritter oder die guten Sittenund \u00f6ffentliche Ordnung. Falls der Benutzer der Meinung ist, dass es Inhalte auf der Website gibt, die f\u00fcr diese Klassifizierung anf\u00e4llig sein k\u00f6nnten, benachrichtigen Sie bitte unverz\u00fcglich den Website-Administrator.<\/p>\n<p>Diese Website wurde \u00fcberpr\u00fcft und auf einwandfreie Funktion getestet. Grunds\u00e4tzlich kann ein einwandfreier Betrieb an 365 Tagen im Jahr, 24 Stunden am Tag gew\u00e4hrleistet werden. Der VERANTWORTLICHE schlie\u00dft jedoch nicht aus, dass bestimmte Programmierfehler vorliegen oder dass h\u00f6here Gewalt, Naturkatastrophen, Streiks oder \u00e4hnliche Umst\u00e4nde eintreten, die den Zugriff auf die Website unm\u00f6glich machen.<\/p>\n<p>&nbsp;<\/p>\n<p><strong>IP-Adressen<\/strong><\/p>\n<p>Die Server der Website k\u00f6nnen die vom Benutzer verwendete IP-Adresse und den Dom\u00e4nennamen automatisch erkennen. Eine IP-Adresse ist eine Nummer, die einem Computer automatisch zugewiesen wird, wenn er sich mit dem Internet verbindet. Alle diese Informationen werden in einer ordnungsgem\u00e4\u00df registrierten Serveraktivit\u00e4tsdatei gespeichert, die die nachfolgende Verarbeitung der Daten erm\u00f6glicht, um nur statistische Messungen zu erhalten, die es erm\u00f6glichen, die Anzahl der Seitenaufrufe, die Anzahl der Besuche auf den Webservern und die Reihenfolge der Besuche zu kennen , der Zugangspunkt usw.<\/p>\n<p><span><\/span><\/p>\n<p><span style=\"color: #143c6c;\"><strong>4.\u00a0 ANWNDBARES RECHT UND GERICHTSSTAND<\/strong><\/span><\/p>\n<p>F\u00fcr die Beilegung aller Streitigkeiten oder Probleme im Zusammenhang mit dieser Website oder den darin entwickelten Aktivit\u00e4ten gilt die spanische Gesetzgebung, der sich die Parteien ausdr\u00fccklich unterwerfen, die f\u00fcr die Beilegung aller Streitigkeiten zust\u00e4ndig ist, die sich aus oder im Zusammenhang mit ihrer Nutzung ergeben, die Palma de am n\u00e4chsten gelegenen Gerichte und Tribunale Mallorca.<\/p>[\/et_pb_blurb][\/et_pb_column][\/et_pb_row][\/et_pb_section]\n","protected":false},"excerpt":{"rendered":"<p>Detectives en Baleares INFORMATION SOCIETY SERVICES LAW (LSSI) \u00a0 JUAN VICTORIANO CRUZ MARZA, verantwortlich f\u00fcr die Website, im Folgenden VERANTWORTLICH, stellt dieses Dokument den Benutzern zur Verf\u00fcgung, mit denen es beabsichtigt, den Verpflichtungen nachzukommen, die im Gesetz 34\/2002 vom 11. Juli \u00fcber Dienste der Informationsgesellschaft und des elektronischen Handels festgelegt sind (LSSICE), BOE Nr. 166, [&hellip;]<\/p>\n","protected":false},"author":1,"featured_media":0,"parent":0,"menu_order":0,"comment_status":"closed","ping_status":"closed","template":"","meta":{"_et_pb_use_builder":"on","_et_pb_old_content":"","_et_gb_content_width":"","footnotes":"","_links_to":"","_links_to_target":""},"class_list":["post-7122","page","type-page","status-publish","hentry"],"yoast_head":"<!-- This site is optimized with the Yoast SEO plugin v27.4 - https:\/\/yoast.com\/product\/yoast-seo-wordpress\/ -->\n<title>Rechtlicher Hinweis Balearic Detectives - DETECTIVES GARBO<\/title>\n<meta name=\"description\" content=\"Rechtlicher Hinweis von BALEARIC Detectives. Forschung auf Mallorca, Menorca, Ibiza und Formentera. Nachgewiesene Erfahrung. KOSTENLOSE BERATUNG...\" \/>\n<meta name=\"robots\" content=\"index, follow, max-snippet:-1, max-image-preview:large, max-video-preview:-1\" \/>\n<link rel=\"canonical\" href=\"https:\/\/detectivesgarbo.com\/de\/rechtlicher-hinweis\/\" \/>\n<meta property=\"og:locale\" content=\"de_DE\" \/>\n<meta property=\"og:type\" content=\"article\" \/>\n<meta property=\"og:title\" content=\"Rechtlicher Hinweis Balearic Detectives - DETECTIVES GARBO\" \/>\n<meta property=\"og:description\" content=\"Rechtlicher Hinweis von BALEARIC Detectives. Forschung auf Mallorca, Menorca, Ibiza und Formentera. Nachgewiesene Erfahrung. KOSTENLOSE BERATUNG...\" \/>\n<meta property=\"og:url\" content=\"https:\/\/detectivesgarbo.com\/de\/rechtlicher-hinweis\/\" \/>\n<meta property=\"og:site_name\" content=\"Detectives Garbo\" \/>\n<meta property=\"article:publisher\" content=\"https:\/\/www.facebook.com\/detectives.garbo\/\" \/>\n<meta property=\"article:modified_time\" content=\"2022-10-11T09:32:05+00:00\" \/>\n<meta name=\"twitter:card\" content=\"summary_large_image\" \/>\n<meta name=\"twitter:label1\" content=\"Gesch\u00e4tzte Lesezeit\" \/>\n\t<meta name=\"twitter:data1\" content=\"6\u00a0Minuten\" \/>\n<script type=\"application\/ld+json\" class=\"yoast-schema-graph\">{\"@context\":\"https:\\\/\\\/schema.org\",\"@graph\":[{\"@type\":\"WebPage\",\"@id\":\"https:\\\/\\\/detectivesgarbo.com\\\/de\\\/rechtlicher-hinweis\\\/\",\"url\":\"https:\\\/\\\/detectivesgarbo.com\\\/de\\\/rechtlicher-hinweis\\\/\",\"name\":\"Rechtlicher Hinweis Balearic Detectives - DETECTIVES GARBO\",\"isPartOf\":{\"@id\":\"https:\\\/\\\/detectivesgarbo.com\\\/#website\"},\"datePublished\":\"2022-09-28T13:48:56+00:00\",\"dateModified\":\"2022-10-11T09:32:05+00:00\",\"description\":\"Rechtlicher Hinweis von BALEARIC Detectives. Forschung auf Mallorca, Menorca, Ibiza und Formentera. Nachgewiesene Erfahrung. KOSTENLOSE BERATUNG...\",\"breadcrumb\":{\"@id\":\"https:\\\/\\\/detectivesgarbo.com\\\/de\\\/rechtlicher-hinweis\\\/#breadcrumb\"},\"inLanguage\":\"de\",\"potentialAction\":[{\"@type\":\"ReadAction\",\"target\":[\"https:\\\/\\\/detectivesgarbo.com\\\/de\\\/rechtlicher-hinweis\\\/\"]}]},{\"@type\":\"BreadcrumbList\",\"@id\":\"https:\\\/\\\/detectivesgarbo.com\\\/de\\\/rechtlicher-hinweis\\\/#breadcrumb\",\"itemListElement\":[{\"@type\":\"ListItem\",\"position\":1,\"name\":\"Portada\",\"item\":\"https:\\\/\\\/detectivesgarbo.com\\\/de\\\/\"},{\"@type\":\"ListItem\",\"position\":2,\"name\":\"Rechtlicher Hinweis\"}]},{\"@type\":\"WebSite\",\"@id\":\"https:\\\/\\\/detectivesgarbo.com\\\/#website\",\"url\":\"https:\\\/\\\/detectivesgarbo.com\\\/\",\"name\":\"Detectives Garbo\",\"description\":\"Servicios en Mallorca, Ibiza, Menorca, Formentera y Alicante\",\"publisher\":{\"@id\":\"https:\\\/\\\/detectivesgarbo.com\\\/#organization\"},\"potentialAction\":[{\"@type\":\"SearchAction\",\"target\":{\"@type\":\"EntryPoint\",\"urlTemplate\":\"https:\\\/\\\/detectivesgarbo.com\\\/?s={search_term_string}\"},\"query-input\":{\"@type\":\"PropertyValueSpecification\",\"valueRequired\":true,\"valueName\":\"search_term_string\"}}],\"inLanguage\":\"de\"},{\"@type\":\"Organization\",\"@id\":\"https:\\\/\\\/detectivesgarbo.com\\\/#organization\",\"name\":\"Detectives Garbo\",\"alternateName\":\"DG\",\"url\":\"https:\\\/\\\/detectivesgarbo.com\\\/\",\"logo\":{\"@type\":\"ImageObject\",\"inLanguage\":\"de\",\"@id\":\"https:\\\/\\\/detectivesgarbo.com\\\/#\\\/schema\\\/logo\\\/image\\\/\",\"url\":\"https:\\\/\\\/detectivesgarbo.com\\\/wp-content\\\/uploads\\\/2021\\\/07\\\/LOGOS-24.png\",\"contentUrl\":\"https:\\\/\\\/detectivesgarbo.com\\\/wp-content\\\/uploads\\\/2021\\\/07\\\/LOGOS-24.png\",\"width\":843,\"height\":627,\"caption\":\"Detectives Garbo\"},\"image\":{\"@id\":\"https:\\\/\\\/detectivesgarbo.com\\\/#\\\/schema\\\/logo\\\/image\\\/\"},\"sameAs\":[\"https:\\\/\\\/www.facebook.com\\\/detectives.garbo\\\/\",\"https:\\\/\\\/www.instagram.com\\\/detectives__garbo\\\/\",\"https:\\\/\\\/www.linkedin.com\\\/company\\\/5233409\\\/admin\\\/\",\"https:\\\/\\\/www.youtube.com\\\/channel\\\/UCf4qYDuQXW63bsA5J3I-FhA\"]}]}<\/script>\n<!-- \/ Yoast SEO plugin. -->","yoast_head_json":{"title":"Rechtlicher Hinweis Balearic Detectives - DETECTIVES GARBO","description":"Rechtlicher Hinweis von BALEARIC Detectives. Forschung auf Mallorca, Menorca, Ibiza und Formentera. Nachgewiesene Erfahrung. KOSTENLOSE BERATUNG...","robots":{"index":"index","follow":"follow","max-snippet":"max-snippet:-1","max-image-preview":"max-image-preview:large","max-video-preview":"max-video-preview:-1"},"canonical":"https:\/\/detectivesgarbo.com\/de\/rechtlicher-hinweis\/","og_locale":"de_DE","og_type":"article","og_title":"Rechtlicher Hinweis Balearic Detectives - DETECTIVES GARBO","og_description":"Rechtlicher Hinweis von BALEARIC Detectives. Forschung auf Mallorca, Menorca, Ibiza und Formentera. Nachgewiesene Erfahrung. KOSTENLOSE BERATUNG...","og_url":"https:\/\/detectivesgarbo.com\/de\/rechtlicher-hinweis\/","og_site_name":"Detectives Garbo","article_publisher":"https:\/\/www.facebook.com\/detectives.garbo\/","article_modified_time":"2022-10-11T09:32:05+00:00","twitter_card":"summary_large_image","twitter_misc":{"Gesch\u00e4tzte Lesezeit":"6\u00a0Minuten"},"schema":{"@context":"https:\/\/schema.org","@graph":[{"@type":"WebPage","@id":"https:\/\/detectivesgarbo.com\/de\/rechtlicher-hinweis\/","url":"https:\/\/detectivesgarbo.com\/de\/rechtlicher-hinweis\/","name":"Rechtlicher Hinweis Balearic Detectives - DETECTIVES GARBO","isPartOf":{"@id":"https:\/\/detectivesgarbo.com\/#website"},"datePublished":"2022-09-28T13:48:56+00:00","dateModified":"2022-10-11T09:32:05+00:00","description":"Rechtlicher Hinweis von BALEARIC Detectives. Forschung auf Mallorca, Menorca, Ibiza und Formentera. Nachgewiesene Erfahrung. KOSTENLOSE BERATUNG...","breadcrumb":{"@id":"https:\/\/detectivesgarbo.com\/de\/rechtlicher-hinweis\/#breadcrumb"},"inLanguage":"de","potentialAction":[{"@type":"ReadAction","target":["https:\/\/detectivesgarbo.com\/de\/rechtlicher-hinweis\/"]}]},{"@type":"BreadcrumbList","@id":"https:\/\/detectivesgarbo.com\/de\/rechtlicher-hinweis\/#breadcrumb","itemListElement":[{"@type":"ListItem","position":1,"name":"Portada","item":"https:\/\/detectivesgarbo.com\/de\/"},{"@type":"ListItem","position":2,"name":"Rechtlicher Hinweis"}]},{"@type":"WebSite","@id":"https:\/\/detectivesgarbo.com\/#website","url":"https:\/\/detectivesgarbo.com\/","name":"Detectives Garbo","description":"Servicios en Mallorca, Ibiza, Menorca, Formentera y Alicante","publisher":{"@id":"https:\/\/detectivesgarbo.com\/#organization"},"potentialAction":[{"@type":"SearchAction","target":{"@type":"EntryPoint","urlTemplate":"https:\/\/detectivesgarbo.com\/?s={search_term_string}"},"query-input":{"@type":"PropertyValueSpecification","valueRequired":true,"valueName":"search_term_string"}}],"inLanguage":"de"},{"@type":"Organization","@id":"https:\/\/detectivesgarbo.com\/#organization","name":"Detectives Garbo","alternateName":"DG","url":"https:\/\/detectivesgarbo.com\/","logo":{"@type":"ImageObject","inLanguage":"de","@id":"https:\/\/detectivesgarbo.com\/#\/schema\/logo\/image\/","url":"https:\/\/detectivesgarbo.com\/wp-content\/uploads\/2021\/07\/LOGOS-24.png","contentUrl":"https:\/\/detectivesgarbo.com\/wp-content\/uploads\/2021\/07\/LOGOS-24.png","width":843,"height":627,"caption":"Detectives Garbo"},"image":{"@id":"https:\/\/detectivesgarbo.com\/#\/schema\/logo\/image\/"},"sameAs":["https:\/\/www.facebook.com\/detectives.garbo\/","https:\/\/www.instagram.com\/detectives__garbo\/","https:\/\/www.linkedin.com\/company\/5233409\/admin\/","https:\/\/www.youtube.com\/channel\/UCf4qYDuQXW63bsA5J3I-FhA"]}]}},"_links":{"self":[{"href":"https:\/\/detectivesgarbo.com\/de\/wp-json\/wp\/v2\/pages\/7122","targetHints":{"allow":["GET"]}}],"collection":[{"href":"https:\/\/detectivesgarbo.com\/de\/wp-json\/wp\/v2\/pages"}],"about":[{"href":"https:\/\/detectivesgarbo.com\/de\/wp-json\/wp\/v2\/types\/page"}],"author":[{"embeddable":true,"href":"https:\/\/detectivesgarbo.com\/de\/wp-json\/wp\/v2\/users\/1"}],"replies":[{"embeddable":true,"href":"https:\/\/detectivesgarbo.com\/de\/wp-json\/wp\/v2\/comments?post=7122"}],"version-history":[{"count":4,"href":"https:\/\/detectivesgarbo.com\/de\/wp-json\/wp\/v2\/pages\/7122\/revisions"}],"predecessor-version":[{"id":7204,"href":"https:\/\/detectivesgarbo.com\/de\/wp-json\/wp\/v2\/pages\/7122\/revisions\/7204"}],"wp:attachment":[{"href":"https:\/\/detectivesgarbo.com\/de\/wp-json\/wp\/v2\/media?parent=7122"}],"curies":[{"name":"wp","href":"https:\/\/api.w.org\/{rel}","templated":true}]}}