{"id":7128,"date":"2022-09-28T16:35:17","date_gmt":"2022-09-28T14:35:17","guid":{"rendered":"https:\/\/detectivesgarbo.com\/datenschutz-bestimmungen\/"},"modified":"2022-10-11T12:37:44","modified_gmt":"2022-10-11T10:37:44","slug":"datenschutz-bestimmungen","status":"publish","type":"page","link":"https:\/\/detectivesgarbo.com\/de\/datenschutz-bestimmungen\/","title":{"rendered":"Datenschutz-Bestimmungen"},"content":{"rendered":"\n[et_pb_section fb_built=&#8220;1&#8243; fullwidth=&#8220;on&#8220; disabled_on=&#8220;on|off|off&#8220; admin_label=&#8220;Page Header&#8220; _builder_version=&#8220;4.16&#8243; max_height=&#8220;1000px&#8220; custom_padding=&#8220;||0px|||&#8220; locked=&#8220;off&#8220; global_colors_info=&#8220;{}&#8220;][et_pb_fullwidth_header title=&#8220;Privatdetektive&#8220; subhead=&#8220;Mallorca, Menorca, Ibiza und Formentera&#8220; text_orientation=&#8220;center&#8220; admin_label=&#8220;Hero Section&#8220; _builder_version=&#8220;4.18.0&#8243; title_level=&#8220;h2&#8243; title_font=&#8220;Montserrat|700|||||||&#8220; title_text_align=&#8220;center&#8220; title_font_size=&#8220;60px&#8220; title_line_height=&#8220;1.4em&#8220; content_font=&#8220;Montserrat||||||||&#8220; content_text_align=&#8220;center&#8220; content_font_size=&#8220;16px&#8220; content_line_height=&#8220;2.8em&#8220; subhead_font=&#8220;Montserrat|600|||||||&#8220; subhead_text_align=&#8220;center&#8220; subhead_font_size=&#8220;29px&#8220; subhead_line_height=&#8220;1.4em&#8220; background_color=&#8220;rgba(255, 255, 255, 0)&#8220; use_background_color_gradient=&#8220;on&#8220; background_color_gradient_stops=&#8220;#143c6c 0%|rgba(73,108,220,0.7) 50%&#8220; background_color_gradient_start=&#8220;#143c6c&#8220; background_color_gradient_end=&#8220;rgba(73,108,220,0.7)&#8220; background_color_gradient_end_position=&#8220;50%&#8220; custom_button_one=&#8220;on&#8220; button_one_text_size=&#8220;16px&#8220; button_one_bg_color=&#8220;#6eba01&#8243; button_one_border_width=&#8220;2px&#8220; button_one_border_color=&#8220;#6eba01&#8243; button_one_border_radius=&#8220;0&#8243; button_one_letter_spacing=&#8220;2&#8243; button_one_font=&#8220;Montserrat|||on|&#8220; button_one_use_icon=&#8220;off&#8220; custom_button_two=&#8220;on&#8220; button_two_text_size=&#8220;16px&#8220; button_two_border_width=&#8220;2px&#8220; button_two_border_color=&#8220;#ffffff&#8220; button_two_border_radius=&#8220;0&#8243; button_two_letter_spacing=&#8220;2&#8243; button_two_font=&#8220;Montserrat|||on|&#8220; button_two_use_icon=&#8220;off&#8220; module_alignment=&#8220;center&#8220; min_height=&#8220;297px&#8220; custom_padding=&#8220;44px|0px|27px|0px||&#8220; animation_style=&#8220;fade&#8220; hover_enabled=&#8220;0&#8243; title_font_size_tablet=&#8220;&#8220; title_font_size_phone=&#8220;48px&#8220; title_font_size_last_edited=&#8220;on|desktop&#8220; button_one_text_color_hover=&#8220;#6eba01&#8243; button_two_text_color_hover=&#8220;#6eba01&#8243; button_one_border_color_hover=&#8220;#ffffff&#8220; button_two_border_color_hover=&#8220;#ffffff&#8220; button_one_border_radius_hover=&#8220;0&#8243; button_two_border_radius_hover=&#8220;0&#8243; button_one_letter_spacing_hover=&#8220;2&#8243; button_two_letter_spacing_hover=&#8220;2&#8243; button_one_bg_color_hover=&#8220;#ffffff&#8220; button_two_bg_color_hover=&#8220;#ffffff&#8220; global_colors_info=&#8220;{}&#8220; button_one_text_size__hover_enabled=&#8220;off&#8220; button_two_text_size__hover_enabled=&#8220;off&#8220; button_one_text_color__hover_enabled=&#8220;on&#8220; button_one_text_color__hover=&#8220;#6eba01&#8243; button_two_text_color__hover_enabled=&#8220;on&#8220; button_two_text_color__hover=&#8220;#6eba01&#8243; button_one_border_width__hover_enabled=&#8220;off&#8220; button_two_border_width__hover_enabled=&#8220;off&#8220; button_one_border_color__hover_enabled=&#8220;on&#8220; button_one_border_color__hover=&#8220;#ffffff&#8220; button_two_border_color__hover_enabled=&#8220;on&#8220; button_two_border_color__hover=&#8220;#ffffff&#8220; button_one_border_radius__hover_enabled=&#8220;on&#8220; button_one_border_radius__hover=&#8220;0&#8243; button_two_border_radius__hover_enabled=&#8220;on&#8220; button_two_border_radius__hover=&#8220;0&#8243; button_one_letter_spacing__hover_enabled=&#8220;on&#8220; button_one_letter_spacing__hover=&#8220;2&#8243; button_two_letter_spacing__hover_enabled=&#8220;on&#8220; button_two_letter_spacing__hover=&#8220;2&#8243; button_one_bg_color__hover_enabled=&#8220;on&#8220; button_one_bg_color__hover=&#8220;#ffffff&#8220; button_two_bg_color__hover_enabled=&#8220;on&#8220; button_two_bg_color__hover=&#8220;#ffffff&#8220; sticky_enabled=&#8220;0&#8243;]<h2><\/h2>\n<h2><\/h2>\n<h2>Detektive auf den Balearen<\/h2>[\/et_pb_fullwidth_header][\/et_pb_section][et_pb_section fb_built=&#8220;1&#8243; _builder_version=&#8220;4.16&#8243; _module_preset=&#8220;default&#8220; custom_padding=&#8220;54px|||||&#8220; global_colors_info=&#8220;{}&#8220;][et_pb_row _builder_version=&#8220;4.18.0&#8243; _module_preset=&#8220;default&#8220; use_background_color_gradient=&#8220;off&#8220; width=&#8220;100%&#8220; max_width=&#8220;2560px&#8220; module_alignment=&#8220;center&#8220; global_colors_info=&#8220;{}&#8220;][et_pb_column type=&#8220;4_4&#8243; _builder_version=&#8220;4.16&#8243; _module_preset=&#8220;default&#8220; global_colors_info=&#8220;{}&#8220;][et_pb_blurb title=&#8220;DATENSCHUTZ-BESTIMMUNGEN&#8220; content_max_width=&#8220;1100px&#8220; _builder_version=&#8220;4.18.0&#8243; _module_preset=&#8220;default&#8220; header_font=&#8220;Montserrat|600|||||||&#8220; header_text_align=&#8220;center&#8220; header_text_color=&#8220;#143c6c&#8220; header_font_size=&#8220;26px&#8220; header_line_height=&#8220;1.2em&#8220; body_font=&#8220;Montserrat||||||||&#8220; body_text_align=&#8220;justify&#8220; body_font_size=&#8220;16px&#8220; body_line_height=&#8220;1.8em&#8220; max_width=&#8220;90%&#8220; module_alignment=&#8220;center&#8220; hover_enabled=&#8220;0&#8243; global_colors_info=&#8220;{}&#8220; sticky_enabled=&#8220;0&#8243;]<p style=\"text-align: left;\"><span style=\"color: #143c6c;\"><strong><\/strong><\/span><\/p>\n<p style=\"text-align: left;\"><span style=\"color: #143c6c;\"><strong><\/strong><\/span><\/p>\n<p style=\"text-align: justify;\"><span style=\"color: #143c6c;\"><strong><\/strong><\/span><\/p>\n<p style=\"text-align: left;\"><span style=\"color: #143c6c;\"><strong>1. BENUTZERINFORMATIONEN<\/strong><\/span><\/p>\n<p style=\"text-align: justify;\"><strong>Wer ist f\u00fcr die Verarbeitung Ihrer personenbezogenen Daten verantwortlich?<\/strong><\/p>\n<p>JUAN VICTORIANO CRUZ MARZA ist VERANTWORTLICH f\u00fcr die Verarbeitung der personenbezogenen Daten des BENUTZERS und informiert Sie dar\u00fcber, dass diese Daten gem\u00e4\u00df den Bestimmungen der Verordnung (EU) 2016\/679 vom 27. April (DSGVO) und dem Gesetz Nr. 3\/ 2018, vom 5. Dezember (LOPDGDD).<\/p>\n<p><strong>Warum behandeln wir Ihre personenbezogenen Daten?<\/strong><\/p>\n<p>Zur Aufrechterhaltung einer Gesch\u00e4ftsbeziehung mit dem Nutzer. Die zur Durchf\u00fchrung der Behandlung geplanten Vorg\u00e4nge sind:<br \/>\u00dcbermittlung kommerzieller Werbemitteilungen per E-Mail, Fax, SMS, MMS, soziale Netzwerke oder andere gegenw\u00e4rtige oder zuk\u00fcnftige elektronische oder physische Mittel, die es erm\u00f6glichen, kommerzielle Mitteilungen durchzuf\u00fchren. Diese Mitteilungen erfolgen durch den VERANTWORTLICHEN und beziehen sich auf seine Produkte und Dienstleistungen oder die seiner Mitarbeiter oder Lieferanten, mit denen er eine Werbevereinbarung getroffen hat. In diesem Fall haben Dritte niemals Zugriff auf personenbezogene Daten.<br \/>F\u00fchren Sie Marktforschung und statistische Analysen durch.<br \/>Bearbeitung von Bestellungen, Anfragen, Beantwortung von Anfragen oder Anfragen jeglicher Art, die vom BENUTZER \u00fcber eines der Kontaktformulare gestellt werden, die auf der Website des VERANTWORTLICHEN zur Verf\u00fcgung gestellt werden.<br \/>Senden Sie den Online-Newsletter \u00fcber Neuigkeiten, Angebote und Aktionen in unserer T\u00e4tigkeit.<\/p>\n<p><strong>Aus welchem \u200b\u200bGrund d\u00fcrfen wir Ihre personenbezogenen Daten verarbeiten?<\/strong><\/p>\n<p>Weil die Behandlung durch Artikel 6 der DSGVO auf folgende Weise legitimiert ist:<br \/>Mit Zustimmung des BENUTZERS: Versand von kommerziellen Mitteilungen und des Newsletters.<br \/>Aufgrund des berechtigten Interesses des VERANTWORTLICHEN: Durchf\u00fchrung von Marktstudien, statistischen Analysen usw. und bearbeiten Bestellungen, Anfragen etc. auf Wunsch des NUTZERS.<\/p>\n<p><strong>Wie lange werden wir Ihre personenbezogenen Daten aufbewahren?<\/strong><\/p>\n<p>Sie werden nicht l\u00e4nger als notwendig aufbewahrt, um das Ende der Behandlung aufrechtzuerhalten, oder es gibt gesetzliche Anforderungen, die ihre Aufbewahrung vorschreiben, und wenn dies nicht mehr erforderlich ist, werden sie mit angemessenen Sicherheitsma\u00dfnahmen gel\u00f6scht, um die Anonymisierung der Daten zu gew\u00e4hrleisten oder die totale Zerst\u00f6rung derselben.<\/p>\n<p><strong>Wem geben wir Ihre personenbezogenen Daten weiter?<\/strong><\/p>\n<p>Es ist keine Weitergabe personenbezogener Daten an Dritte geplant, au\u00dfer, falls dies f\u00fcr die Entwicklung und Ausf\u00fchrung der Behandlungszwecke erforderlich ist, an unsere Dienstleister im Zusammenhang mit der Kommunikation, mit denen der VERANTWORTLICHE die Vertraulichkeits- und Datenverwaltungsvertr\u00e4ge abgeschlossen hat aktuelle Datenschutzbestimmungen.<\/p>\n<p><strong>Welche Rechte haben Sie?<\/strong><\/p>\n<p>Die Rechte, die dem BENUTZER helfen, sind:<br \/>Recht auf jederzeitigen Widerruf der Einwilligung.<br \/>Recht auf Auskunft, Berichtigung, \u00dcbertragbarkeit und L\u00f6schung Ihrer Daten sowie Einschr\u00e4nkung oder Widerspruch gegen ihre Behandlung.<br \/>Recht, eine Beschwerde bei der Kontrollbeh\u00f6rde (www.aepd.es) einzureichen, wenn Sie der Meinung sind, dass die Behandlung nicht den geltenden Vorschriften entspricht.<br \/>Kontaktinformationen zur Aus\u00fcbung Ihrer Rechte:<br \/>JUAN VICTORIANO CRUZ MARZA. Parellades, 12 A 2\u00ba Desp. 30 \u2013 07003 Palma de Mallorca (Balearen). E-Mail: info@detectivesgarbo.com<\/p>\n<p style=\"text-align: justify;\"><a href=\"mailto:info@detectivesgarbo.com\">info@detectivesgarbo.com<\/a><\/p>\n<p style=\"text-align: justify;\"><strong><span style=\"color: #143c6c;\">2. OBLIGATORISCHER ODER FREIWILLIGER CHARAKTER DER VOM BENUTZER ZUR VERF\u00dcGUNG GESTELLTEN INFORMATIONEN<\/span><\/strong><\/p>\n<p style=\"text-align: justify;\">Die BENUTZER akzeptieren durch Markieren der entsprechenden K\u00e4stchen und Eingabe von Daten in die mit einem Sternchen (*) gekennzeichneten Felder im Kontaktformular oder in Download-Formularen ausdr\u00fccklich und frei und unmissverst\u00e4ndlich, dass ihre Daten erforderlich sind, um Ihrer Anfrage nachzukommen Anbieter, wobei die Angabe von Daten in den \u00fcbrigen Feldern freiwillig ist. Der BENUTZER garantiert, dass die dem VERANTWORTLICHEN zur Verf\u00fcgung gestellten personenbezogenen Daten der Wahrheit entsprechen, und ist daf\u00fcr verantwortlich, ihnen etwaige \u00c4nderungen mitzuteilen.<br \/>Der VERANTWORTLICHE informiert, dass alle \u00fcber die Website angeforderten Daten obligatorisch sind, da sie f\u00fcr die Bereitstellung eines optimalen Dienstes f\u00fcr den BENUTZER erforderlich sind. F\u00fcr den Fall, dass nicht alle Daten bereitgestellt werden, ist nicht garantiert, dass die bereitgestellten Informationen und Dienste vollst\u00e4ndig auf Ihre Bed\u00fcrfnisse zugeschnitten sind.<\/p>\n<p style=\"text-align: justify;\"><strong><span style=\"color: #143c6c;\">3. SICHERHEITSMASSNAHMEN<\/span><\/strong><\/p>\n<p style=\"text-align: justify;\">Dass der VERANTWORTLICHE gem\u00e4\u00df den Bestimmungen der geltenden Vorschriften zum Schutz personenbezogener Daten alle Bestimmungen der <strong><a href=\"https:\/\/gdprinfo.eu\/es\">GDPR<\/a><\/strong> y <strong><a href=\"https:\/\/www.boe.es\/boe\/dias\/2018\/12\/06\/pdfs\/BOE-A-2018-16673.pdf\">LOPDGDD<\/a><\/strong> f\u00fcr die Behandlung personenbezogener Daten seiner Verantwortung und offensichtlich die in Artikel 5 beschriebenen Grunds\u00e4tze einh\u00e4lt der DSGVO, durch die sie in rechtm\u00e4\u00dfiger, loyaler und transparenter Weise in Bezug auf die interessierte Partei und angemessen, sachdienlich und auf das Notwendige in Bezug auf die Zwecke, f\u00fcr die sie behandelt werden, behandelt werden.<br \/>Der VERANTWORTLICHE garantiert, dass er geeignete technische und organisatorische Richtlinien implementiert hat, um die durch die DSGVO und die LOPDGDD festgelegten Sicherheitsma\u00dfnahmen anzuwenden, um die Rechte und Freiheiten der BENUTZER zu sch\u00fctzen, und die entsprechenden Informationen \u00fcbermittelt hat, damit sie diese aus\u00fcben k\u00f6nnen.<br \/>F\u00fcr weitere Informationen zu Datenschutzgarantien k\u00f6nnen Sie den VERANTWORTLICHEN \u00fcber JUAN VICTORIANO CRUZ MARZA kontaktieren. Parellades, 12 A 2\u00ba Desp. 30 \u2013 07003 <a href=\"https:\/\/detectivesgarbo.com\/de\/mallorca-detektive-balearen\/\" target=\"_blank\" rel=\"noopener\">Palma de Mallorca<\/a> (Balearen). E-Mail: info@detectivesgarbo.com<\/p>[\/et_pb_blurb][\/et_pb_column][\/et_pb_row][\/et_pb_section]\n","protected":false},"excerpt":{"rendered":"<p>Detektive auf den Balearen 1. BENUTZERINFORMATIONEN Wer ist f\u00fcr die Verarbeitung Ihrer personenbezogenen Daten verantwortlich? JUAN VICTORIANO CRUZ MARZA ist VERANTWORTLICH f\u00fcr die Verarbeitung der personenbezogenen Daten des BENUTZERS und informiert Sie dar\u00fcber, dass diese Daten gem\u00e4\u00df den Bestimmungen der Verordnung (EU) 2016\/679 vom 27. April (DSGVO) und dem Gesetz Nr. 3\/ 2018, vom 5. [&hellip;]<\/p>\n","protected":false},"author":1,"featured_media":0,"parent":0,"menu_order":0,"comment_status":"closed","ping_status":"closed","template":"","meta":{"_et_pb_use_builder":"on","_et_pb_old_content":"","_et_gb_content_width":"","footnotes":"","_links_to":"","_links_to_target":""},"class_list":["post-7128","page","type-page","status-publish","hentry"],"yoast_head":"<!-- This site is optimized with the Yoast SEO plugin v27.4 - https:\/\/yoast.com\/product\/yoast-seo-wordpress\/ -->\n<title>Datenschutz-Bestimmungen - DETECTIVES GARBO<\/title>\n<meta name=\"description\" content=\"Datenschutz-Bestimmungen. Detektive auf den Balearen. Vom Innenministerium zugelassene und akkreditierte Detektive...\" \/>\n<meta name=\"robots\" content=\"index, follow, max-snippet:-1, max-image-preview:large, max-video-preview:-1\" \/>\n<link rel=\"canonical\" href=\"https:\/\/detectivesgarbo.com\/de\/datenschutz-bestimmungen\/\" \/>\n<meta property=\"og:locale\" content=\"de_DE\" \/>\n<meta property=\"og:type\" content=\"article\" \/>\n<meta property=\"og:title\" content=\"Datenschutz-Bestimmungen - DETECTIVES GARBO\" \/>\n<meta property=\"og:description\" content=\"Datenschutz-Bestimmungen. Detektive auf den Balearen. Vom Innenministerium zugelassene und akkreditierte Detektive...\" \/>\n<meta property=\"og:url\" content=\"https:\/\/detectivesgarbo.com\/de\/datenschutz-bestimmungen\/\" \/>\n<meta property=\"og:site_name\" content=\"Detectives Garbo\" \/>\n<meta property=\"article:publisher\" content=\"https:\/\/www.facebook.com\/detectives.garbo\/\" \/>\n<meta property=\"article:modified_time\" content=\"2022-10-11T10:37:44+00:00\" \/>\n<meta name=\"twitter:card\" content=\"summary_large_image\" \/>\n<meta name=\"twitter:label1\" content=\"Gesch\u00e4tzte Lesezeit\" \/>\n\t<meta name=\"twitter:data1\" content=\"4\u00a0Minuten\" \/>\n<script type=\"application\/ld+json\" class=\"yoast-schema-graph\">{\"@context\":\"https:\\\/\\\/schema.org\",\"@graph\":[{\"@type\":\"WebPage\",\"@id\":\"https:\\\/\\\/detectivesgarbo.com\\\/de\\\/datenschutz-bestimmungen\\\/\",\"url\":\"https:\\\/\\\/detectivesgarbo.com\\\/de\\\/datenschutz-bestimmungen\\\/\",\"name\":\"Datenschutz-Bestimmungen - DETECTIVES GARBO\",\"isPartOf\":{\"@id\":\"https:\\\/\\\/detectivesgarbo.com\\\/#website\"},\"datePublished\":\"2022-09-28T14:35:17+00:00\",\"dateModified\":\"2022-10-11T10:37:44+00:00\",\"description\":\"Datenschutz-Bestimmungen. Detektive auf den Balearen. Vom Innenministerium zugelassene und akkreditierte Detektive...\",\"breadcrumb\":{\"@id\":\"https:\\\/\\\/detectivesgarbo.com\\\/de\\\/datenschutz-bestimmungen\\\/#breadcrumb\"},\"inLanguage\":\"de\",\"potentialAction\":[{\"@type\":\"ReadAction\",\"target\":[\"https:\\\/\\\/detectivesgarbo.com\\\/de\\\/datenschutz-bestimmungen\\\/\"]}]},{\"@type\":\"BreadcrumbList\",\"@id\":\"https:\\\/\\\/detectivesgarbo.com\\\/de\\\/datenschutz-bestimmungen\\\/#breadcrumb\",\"itemListElement\":[{\"@type\":\"ListItem\",\"position\":1,\"name\":\"Portada\",\"item\":\"https:\\\/\\\/detectivesgarbo.com\\\/de\\\/\"},{\"@type\":\"ListItem\",\"position\":2,\"name\":\"Datenschutz-Bestimmungen\"}]},{\"@type\":\"WebSite\",\"@id\":\"https:\\\/\\\/detectivesgarbo.com\\\/#website\",\"url\":\"https:\\\/\\\/detectivesgarbo.com\\\/\",\"name\":\"Detectives Garbo\",\"description\":\"Servicios en Mallorca, Ibiza, Menorca, Formentera y Alicante\",\"publisher\":{\"@id\":\"https:\\\/\\\/detectivesgarbo.com\\\/#organization\"},\"potentialAction\":[{\"@type\":\"SearchAction\",\"target\":{\"@type\":\"EntryPoint\",\"urlTemplate\":\"https:\\\/\\\/detectivesgarbo.com\\\/?s={search_term_string}\"},\"query-input\":{\"@type\":\"PropertyValueSpecification\",\"valueRequired\":true,\"valueName\":\"search_term_string\"}}],\"inLanguage\":\"de\"},{\"@type\":\"Organization\",\"@id\":\"https:\\\/\\\/detectivesgarbo.com\\\/#organization\",\"name\":\"Detectives Garbo\",\"alternateName\":\"DG\",\"url\":\"https:\\\/\\\/detectivesgarbo.com\\\/\",\"logo\":{\"@type\":\"ImageObject\",\"inLanguage\":\"de\",\"@id\":\"https:\\\/\\\/detectivesgarbo.com\\\/#\\\/schema\\\/logo\\\/image\\\/\",\"url\":\"https:\\\/\\\/detectivesgarbo.com\\\/wp-content\\\/uploads\\\/2021\\\/07\\\/LOGOS-24.png\",\"contentUrl\":\"https:\\\/\\\/detectivesgarbo.com\\\/wp-content\\\/uploads\\\/2021\\\/07\\\/LOGOS-24.png\",\"width\":843,\"height\":627,\"caption\":\"Detectives Garbo\"},\"image\":{\"@id\":\"https:\\\/\\\/detectivesgarbo.com\\\/#\\\/schema\\\/logo\\\/image\\\/\"},\"sameAs\":[\"https:\\\/\\\/www.facebook.com\\\/detectives.garbo\\\/\",\"https:\\\/\\\/www.instagram.com\\\/detectives__garbo\\\/\",\"https:\\\/\\\/www.linkedin.com\\\/company\\\/5233409\\\/admin\\\/\",\"https:\\\/\\\/www.youtube.com\\\/channel\\\/UCf4qYDuQXW63bsA5J3I-FhA\"]}]}<\/script>\n<!-- \/ Yoast SEO plugin. -->","yoast_head_json":{"title":"Datenschutz-Bestimmungen - DETECTIVES GARBO","description":"Datenschutz-Bestimmungen. Detektive auf den Balearen. Vom Innenministerium zugelassene und akkreditierte Detektive...","robots":{"index":"index","follow":"follow","max-snippet":"max-snippet:-1","max-image-preview":"max-image-preview:large","max-video-preview":"max-video-preview:-1"},"canonical":"https:\/\/detectivesgarbo.com\/de\/datenschutz-bestimmungen\/","og_locale":"de_DE","og_type":"article","og_title":"Datenschutz-Bestimmungen - DETECTIVES GARBO","og_description":"Datenschutz-Bestimmungen. Detektive auf den Balearen. Vom Innenministerium zugelassene und akkreditierte Detektive...","og_url":"https:\/\/detectivesgarbo.com\/de\/datenschutz-bestimmungen\/","og_site_name":"Detectives Garbo","article_publisher":"https:\/\/www.facebook.com\/detectives.garbo\/","article_modified_time":"2022-10-11T10:37:44+00:00","twitter_card":"summary_large_image","twitter_misc":{"Gesch\u00e4tzte Lesezeit":"4\u00a0Minuten"},"schema":{"@context":"https:\/\/schema.org","@graph":[{"@type":"WebPage","@id":"https:\/\/detectivesgarbo.com\/de\/datenschutz-bestimmungen\/","url":"https:\/\/detectivesgarbo.com\/de\/datenschutz-bestimmungen\/","name":"Datenschutz-Bestimmungen - DETECTIVES GARBO","isPartOf":{"@id":"https:\/\/detectivesgarbo.com\/#website"},"datePublished":"2022-09-28T14:35:17+00:00","dateModified":"2022-10-11T10:37:44+00:00","description":"Datenschutz-Bestimmungen. Detektive auf den Balearen. Vom Innenministerium zugelassene und akkreditierte Detektive...","breadcrumb":{"@id":"https:\/\/detectivesgarbo.com\/de\/datenschutz-bestimmungen\/#breadcrumb"},"inLanguage":"de","potentialAction":[{"@type":"ReadAction","target":["https:\/\/detectivesgarbo.com\/de\/datenschutz-bestimmungen\/"]}]},{"@type":"BreadcrumbList","@id":"https:\/\/detectivesgarbo.com\/de\/datenschutz-bestimmungen\/#breadcrumb","itemListElement":[{"@type":"ListItem","position":1,"name":"Portada","item":"https:\/\/detectivesgarbo.com\/de\/"},{"@type":"ListItem","position":2,"name":"Datenschutz-Bestimmungen"}]},{"@type":"WebSite","@id":"https:\/\/detectivesgarbo.com\/#website","url":"https:\/\/detectivesgarbo.com\/","name":"Detectives Garbo","description":"Servicios en Mallorca, Ibiza, Menorca, Formentera y Alicante","publisher":{"@id":"https:\/\/detectivesgarbo.com\/#organization"},"potentialAction":[{"@type":"SearchAction","target":{"@type":"EntryPoint","urlTemplate":"https:\/\/detectivesgarbo.com\/?s={search_term_string}"},"query-input":{"@type":"PropertyValueSpecification","valueRequired":true,"valueName":"search_term_string"}}],"inLanguage":"de"},{"@type":"Organization","@id":"https:\/\/detectivesgarbo.com\/#organization","name":"Detectives Garbo","alternateName":"DG","url":"https:\/\/detectivesgarbo.com\/","logo":{"@type":"ImageObject","inLanguage":"de","@id":"https:\/\/detectivesgarbo.com\/#\/schema\/logo\/image\/","url":"https:\/\/detectivesgarbo.com\/wp-content\/uploads\/2021\/07\/LOGOS-24.png","contentUrl":"https:\/\/detectivesgarbo.com\/wp-content\/uploads\/2021\/07\/LOGOS-24.png","width":843,"height":627,"caption":"Detectives Garbo"},"image":{"@id":"https:\/\/detectivesgarbo.com\/#\/schema\/logo\/image\/"},"sameAs":["https:\/\/www.facebook.com\/detectives.garbo\/","https:\/\/www.instagram.com\/detectives__garbo\/","https:\/\/www.linkedin.com\/company\/5233409\/admin\/","https:\/\/www.youtube.com\/channel\/UCf4qYDuQXW63bsA5J3I-FhA"]}]}},"_links":{"self":[{"href":"https:\/\/detectivesgarbo.com\/de\/wp-json\/wp\/v2\/pages\/7128","targetHints":{"allow":["GET"]}}],"collection":[{"href":"https:\/\/detectivesgarbo.com\/de\/wp-json\/wp\/v2\/pages"}],"about":[{"href":"https:\/\/detectivesgarbo.com\/de\/wp-json\/wp\/v2\/types\/page"}],"author":[{"embeddable":true,"href":"https:\/\/detectivesgarbo.com\/de\/wp-json\/wp\/v2\/users\/1"}],"replies":[{"embeddable":true,"href":"https:\/\/detectivesgarbo.com\/de\/wp-json\/wp\/v2\/comments?post=7128"}],"version-history":[{"count":4,"href":"https:\/\/detectivesgarbo.com\/de\/wp-json\/wp\/v2\/pages\/7128\/revisions"}],"predecessor-version":[{"id":7226,"href":"https:\/\/detectivesgarbo.com\/de\/wp-json\/wp\/v2\/pages\/7128\/revisions\/7226"}],"wp:attachment":[{"href":"https:\/\/detectivesgarbo.com\/de\/wp-json\/wp\/v2\/media?parent=7128"}],"curies":[{"name":"wp","href":"https:\/\/api.w.org\/{rel}","templated":true}]}}