{"id":11661,"date":"2026-01-22T12:51:16","date_gmt":"2026-01-22T10:51:16","guid":{"rendered":"https:\/\/detectivesgarbo.com\/cart\/"},"modified":"2026-01-22T12:51:18","modified_gmt":"2026-01-22T10:51:18","slug":"cart","status":"publish","type":"page","link":"https:\/\/detectivesgarbo.com\/en\/cart\/","title":{"rendered":"Cart"},"content":{"rendered":"<p>[et_pb_section fb_built=&#8221;1&#8243; fullwidth=&#8221;on&#8221; admin_label=&#8221;Hero&#8221; _builder_version=&#8221;4.27.4&#8243; _module_preset=&#8221;_initial&#8221; background_image=&#8221;https:\/\/detectivesgarbo.com\/wp-content\/uploads\/2025\/06\/detectives-privados-en-mallorca-menorca-ibiza-y-formentera.webp&#8221; parallax=&#8221;on&#8221; background_enable_video_mp4=&#8221;off&#8221; max_height=&#8221;1000px&#8221; custom_padding=&#8221;||2px|||&#8221; top_divider_height=&#8221;0px&#8221; locked=&#8221;off&#8221; global_colors_info=&#8221;{}&#8221;][et_pb_fullwidth_header title=&#8221;Detectives Garbo&#8221; subhead=&#8221;La contrataci\u00f3n de nuestros servicios se realiza de forma segura y 100% confidencial&#8221; header_scroll_down=&#8221;on&#8221; button_one_text=&#8221;Contratar ahora con pago seguro&#8221; button_one_url=&#8221;#carrito&#8221; button_two_url=&#8221;@ET-DC@eyJkeW5hbWljIjp0cnVlLCJjb250ZW50IjoicG9zdF9saW5rX3VybF9wYWdlIiwic2V0dGluZ3MiOnsicG9zdF9pZCI6IjExNSJ9fQ==@&#8221; content_max_width=&#8221;700px&#8221; admin_label=&#8221;T\u00edtulo de anchura completa&#8221; _builder_version=&#8221;4.27.4&#8243; _dynamic_attributes=&#8221;button_two_url&#8221; _module_preset=&#8221;default&#8221; title_font=&#8221;Montserrat|700|||||||&#8221; title_text_color=&#8221;#ffffff&#8221; title_font_size=&#8221;46px&#8221; title_line_height=&#8221;1.2em&#8221; content_font=&#8221;Montserrat||||||||&#8221; content_text_color=&#8221;#FFFFFF&#8221; content_font_size=&#8221;20px&#8221; content_line_height=&#8221;1.8em&#8221; subhead_font=&#8221;Montserrat|700|||||||&#8221; subhead_text_color=&#8221;#FFFFFF&#8221; subhead_font_size=&#8221;22px&#8221; subhead_line_height=&#8221;1.2em&#8221; background_color=&#8221;rgba(0,0,0,0)&#8221; use_background_color_gradient=&#8221;on&#8221; background_color_gradient_direction=&#8221;220deg&#8221; background_color_gradient_stops=&#8221;rgba(53,80,160,0.27) 0%|rgba(50, 70, 132, 0.48) 0%|rgba(50, 68, 113, 0.64) 0%|rgba(31, 63, 110, 0.86) 62%|#1e2328 100%|#143c6c 100%&#8221; background_color_gradient_overlays_image=&#8221;on&#8221; background_color_gradient_start=&#8221;rgba(53,80,160,0.27)&#8221; background_color_gradient_end=&#8221;#3550a0&#8243; custom_button_one=&#8221;on&#8221; button_one_text_size=&#8221;18px&#8221; button_one_text_color=&#8221;#474747&#8243; button_one_bg_color=&#8221;#ffffff&#8221; button_one_border_width=&#8221;6px&#8221; button_one_border_color=&#8221;RGBA(255,255,255,0)&#8221; button_one_border_radius=&#8221;4px&#8221; button_one_letter_spacing=&#8221;0px&#8221; button_one_font=&#8221;Lato|900|||||||&#8221; button_one_use_icon=&#8221;off&#8221; button_one_custom_margin=&#8221;|||0px|false|false&#8221; custom_button_two=&#8221;on&#8221; button_two_text_size=&#8221;18px&#8221; button_two_text_color=&#8221;#FFFFFF&#8221; button_two_bg_color=&#8221;rgba(255,255,255,0.15)&#8221; button_two_border_width=&#8221;7px&#8221; button_two_border_color=&#8221;rgba(210,159,104,0)&#8221; button_two_border_radius=&#8221;4px&#8221; button_two_font=&#8221;Lato|900|||||||&#8221; button_two_use_icon=&#8221;off&#8221; button_two_custom_margin=&#8221;|||25px|false|false&#8221; module_alignment=&#8221;center&#8221; custom_margin=&#8221;|||&#8221; custom_padding=&#8221;10vw||13vw|0px|false|false&#8221; custom_padding_tablet=&#8221;13vw||13vw||true|false&#8221; custom_padding_phone=&#8221;20vw||20vw||true&#8221; custom_padding_last_edited=&#8221;on|desktop&#8221; title_font_size_tablet=&#8221;50px&#8221; title_font_size_phone=&#8221;39px&#8221; title_font_size_last_edited=&#8221;on|tablet&#8221; button_one_text_color_hover=&#8221;#3550a0&#8243; button_two_text_color_hover=&#8221;#ffffff&#8221; button_one_bg_color_hover=&#8221;rgba(255,255,255,0.8)&#8221; button_two_bg_color_hover=&#8221;rgba(255,255,255,0.3)&#8221; global_colors_info=&#8221;{}&#8221; button_one_text_size__hover_enabled=&#8221;off&#8221; button_two_text_size__hover_enabled=&#8221;off&#8221; button_one_text_color__hover_enabled=&#8221;on|hover&#8221; button_one_text_color__hover=&#8221;#143C3C&#8221; button_two_text_color__hover_enabled=&#8221;on&#8221; button_two_text_color__hover=&#8221;#ffffff&#8221; button_one_border_width__hover_enabled=&#8221;off&#8221; button_two_border_width__hover_enabled=&#8221;off&#8221; button_one_border_color__hover_enabled=&#8221;off&#8221; button_two_border_color__hover_enabled=&#8221;off&#8221; button_one_border_radius__hover_enabled=&#8221;off&#8221; button_two_border_radius__hover_enabled=&#8221;off&#8221; button_one_letter_spacing__hover_enabled=&#8221;off&#8221; button_two_letter_spacing__hover_enabled=&#8221;off&#8221; button_one_bg_color__hover_enabled=&#8221;on|desktop&#8221; button_one_bg_color__hover=&#8221;rgba(255,255,255,0.8)&#8221; button_two_bg_color__hover_enabled=&#8221;on&#8221; button_two_bg_color__hover=&#8221;rgba(255,255,255,0.3)&#8221;][\/et_pb_fullwidth_header][\/et_pb_section][et_pb_section fb_built=&#8221;1&#8243; _builder_version=&#8221;4.16&#8243; global_colors_info=&#8221;{}&#8221;][et_pb_row column_structure=&#8221;2_3,1_3&#8243; module_id=&#8221;carrito&#8221; _builder_version=&#8221;4.27.5&#8243; use_background_color_gradient=&#8221;off&#8221; background_size=&#8221;initial&#8221; background_position=&#8221;top_left&#8221; background_repeat=&#8221;repeat&#8221; global_colors_info=&#8221;{}&#8221;][et_pb_column type=&#8221;2_3&#8243; _builder_version=&#8221;4.27.5&#8243; custom_padding=&#8221;|||&#8221; global_colors_info=&#8221;{}&#8221; custom_padding__hover=&#8221;|||&#8221;][et_pb_wc_cart_products show_coupon_code=&#8221;off&#8221; _builder_version=&#8221;4.27.5&#8243; body_font=&#8221;Montserrat||||||||&#8221; link_font=&#8221;Montserrat||||||||&#8221; table_header_font=&#8221;Montserrat|700|||||||&#8221; form_field_font=&#8221;Montserrat||||||||&#8221; hover_enabled=&#8221;0&#8243; global_colors_info=&#8221;{}&#8221; show_product_image=&#8221;off&#8221; sticky_enabled=&#8221;0&#8243;][\/et_pb_wc_cart_products][et_pb_contact_form captcha=&#8221;off&#8221; email=&#8221;info@detectivesgarbo.com&#8221; use_redirect=&#8221;on&#8221; redirect_url=&#8221;https:\/\/detectivesgarbo.com\/en\/checkout\/&#8221; submit_button_text=&#8221;Pagar&#8221; module_id=&#8221;et_pb_contact_form_1&#8243; _builder_version=&#8221;4.27.4&#8243; _unique_id=&#8221;aa6945b8-bd44-4356-8a08-3512fbe9981e&#8221; form_field_background_color=&#8221;rgba(255,255,255,0)&#8221; title_level=&#8221;h3&#8243; title_font=&#8221;Montserrat||||&#8221; title_text_color=&#8221;#666666&#8243; title_font_size=&#8221;22px&#8221; title_line_height=&#8221;1.2em&#8221; captcha_font=&#8221;Montserrat||||||||&#8221; form_field_font=&#8221;Montserrat||||||||&#8221; form_field_text_align=&#8221;left&#8221; custom_button=&#8221;on&#8221; button_text_size=&#8221;18px&#8221; button_text_color=&#8221;#ffffff&#8221; button_bg_color=&#8221;#143c6c&#8221; button_border_width=&#8221;2px&#8221; button_border_color=&#8221;#143c6c&#8221; button_border_radius=&#8221;7px&#8221; button_letter_spacing=&#8221;2px&#8221; button_font=&#8221;Montserrat|||on|&#8221; button_use_icon=&#8221;off&#8221; button_custom_margin=&#8221;10px|100px|0px||false|false&#8221; module_alignment=&#8221;center&#8221; min_height=&#8221;266.8px&#8221; custom_margin=&#8221;-18px|||||&#8221; custom_padding=&#8221;||0px|||&#8221; animation_style=&#8221;fold&#8221; animation_direction=&#8221;bottom&#8221; animation_intensity_fold=&#8221;20%&#8221; link_option_url_new_window=&#8221;on&#8221; border_width_all=&#8221;1px&#8221; border_color_all=&#8221;rgba(0,0,0,0.12)&#8221; border_style_all=&#8221;solid&#8221; use_border_color=&#8221;on&#8221; border_color=&#8221;rgba(0,0,0,0.12)&#8221; form_background_color=&#8221;rgba(255,255,255,0)&#8221; locked=&#8221;off&#8221; global_colors_info=&#8221;{}&#8221; button_text_color__hover_enabled=&#8221;on|desktop&#8221; button_text_color__hover=&#8221;#143c6c&#8221; button_bg_color__hover_enabled=&#8221;on|desktop&#8221; button_bg_color__hover=&#8221;#FFFFFF&#8221; button_bg_enable_color__hover=&#8221;on&#8221;][et_pb_contact_field field_id=&#8221;RGPD&#8221; field_title=&#8221; &#8221; field_type=&#8221;checkbox&#8221; checkbox_options=&#8221;%91{%22value%22:%22He le\u00eddo y estoy de acuerdo con la %22,%22checked%22:0,%22dragID%22:-1,%22link_url%22:%22https:%92\/%92\/detectivesgarbo.com%92\/detectives-politica-privacidad%22,%22link_text%22:%22pol\u00edtica de privacidad%22}%93&#8243; fullwidth_field=&#8221;on&#8221; _builder_version=&#8221;4.27.4&#8243; _module_preset=&#8221;default&#8221; link_option_url=&#8221;https:\/\/detectivesgarbo.com\/politica-privacidad\/&#8221; link_option_url_new_window=&#8221;on&#8221; global_colors_info=&#8221;{}&#8221;][\/et_pb_contact_field][et_pb_contact_field field_id=&#8221;Pol\u00edtica_de_Contrataci\u00f3n&#8221; field_title=&#8221;Pol\u00edtica de Contrataci\u00f3n, Cancelaci\u00f3n y Derecho de Desistimiento&#8221; field_type=&#8221;checkbox&#8221; checkbox_options=&#8221;%91{%22value%22:%22He le\u00eddo y estoy de acuerdo con la %22,%22checked%22:0,%22dragID%22:-1,%22link_url%22:%22https:%92\/%92\/detectivesgarbo.com%92\/politica-de-contratacion-cancelacion-y-derecho-de-desistimiento%92\/%22,%22link_text%22:%22pol\u00edtica de contrataci\u00f3n%22}%93&#8243; fullwidth_field=&#8221;on&#8221; _builder_version=&#8221;4.27.4&#8243; _module_preset=&#8221;default&#8221; link_option_url_new_window=&#8221;on&#8221; global_colors_info=&#8221;{}&#8221;][\/et_pb_contact_field][\/et_pb_contact_form][\/et_pb_column][et_pb_column type=&#8221;1_3&#8243; _builder_version=&#8221;4.27.5&#8243; background_image=&#8221;https:\/\/detectivesgarbo.com\/wp-content\/uploads\/2025\/06\/servicios-detectives-privados.webp&#8221; custom_padding=&#8221;80px||80px||false|false&#8221; global_colors_info=&#8221;{}&#8221; custom_padding__hover=&#8221;|||&#8221;][et_pb_post_title title=&#8221;off&#8221; meta=&#8221;off&#8221; featured_image=&#8221;off&#8221; _builder_version=&#8221;4.27.4&#8243; global_colors_info=&#8221;{}&#8221;][\/et_pb_post_title][\/et_pb_column][\/et_pb_row][\/et_pb_section]<\/p>\n","protected":false},"excerpt":{"rendered":"","protected":false},"author":1,"featured_media":0,"parent":0,"menu_order":0,"comment_status":"closed","ping_status":"closed","template":"","meta":{"_et_pb_use_builder":"on","_et_pb_old_content":"","_et_gb_content_width":"","footnotes":"","_links_to":"","_links_to_target":""},"class_list":["post-11661","page","type-page","status-publish","hentry"],"yoast_head":"<!-- This site is optimized with the Yoast SEO plugin v27.4 - https:\/\/yoast.com\/product\/yoast-seo-wordpress\/ -->\n<title>Cart - Detectives Garbo<\/title>\n<meta name=\"robots\" content=\"index, follow, max-snippet:-1, max-image-preview:large, max-video-preview:-1\" \/>\n<link rel=\"canonical\" href=\"https:\/\/detectivesgarbo.com\/en\/cart\/\" \/>\n<meta property=\"og:locale\" content=\"en_US\" \/>\n<meta property=\"og:type\" content=\"article\" \/>\n<meta property=\"og:title\" content=\"Cart - Detectives Garbo\" \/>\n<meta property=\"og:url\" content=\"https:\/\/detectivesgarbo.com\/en\/cart\/\" \/>\n<meta property=\"og:site_name\" content=\"Detectives Garbo\" \/>\n<meta property=\"article:publisher\" content=\"https:\/\/www.facebook.com\/detectives.garbo\/\" \/>\n<meta property=\"article:modified_time\" content=\"2026-01-22T10:51:18+00:00\" \/>\n<meta name=\"twitter:card\" content=\"summary_large_image\" \/>\n<meta name=\"twitter:label1\" content=\"Est. reading time\" \/>\n\t<meta name=\"twitter:data1\" content=\"5 minutes\" \/>\n<script type=\"application\/ld+json\" class=\"yoast-schema-graph\">{\"@context\":\"https:\\\/\\\/schema.org\",\"@graph\":[{\"@type\":\"WebPage\",\"@id\":\"https:\\\/\\\/detectivesgarbo.com\\\/en\\\/cart\\\/\",\"url\":\"https:\\\/\\\/detectivesgarbo.com\\\/en\\\/cart\\\/\",\"name\":\"Cart - Detectives Garbo\",\"isPartOf\":{\"@id\":\"https:\\\/\\\/detectivesgarbo.com\\\/#website\"},\"datePublished\":\"2026-01-22T10:51:16+00:00\",\"dateModified\":\"2026-01-22T10:51:18+00:00\",\"breadcrumb\":{\"@id\":\"https:\\\/\\\/detectivesgarbo.com\\\/en\\\/cart\\\/#breadcrumb\"},\"inLanguage\":\"en-US\",\"potentialAction\":[{\"@type\":\"ReadAction\",\"target\":[\"https:\\\/\\\/detectivesgarbo.com\\\/en\\\/cart\\\/\"]}]},{\"@type\":\"BreadcrumbList\",\"@id\":\"https:\\\/\\\/detectivesgarbo.com\\\/en\\\/cart\\\/#breadcrumb\",\"itemListElement\":[{\"@type\":\"ListItem\",\"position\":1,\"name\":\"Portada\",\"item\":\"https:\\\/\\\/detectivesgarbo.com\\\/en\\\/\"},{\"@type\":\"ListItem\",\"position\":2,\"name\":\"Cart\"}]},{\"@type\":\"WebSite\",\"@id\":\"https:\\\/\\\/detectivesgarbo.com\\\/#website\",\"url\":\"https:\\\/\\\/detectivesgarbo.com\\\/\",\"name\":\"Detectives Garbo\",\"description\":\"Servicios en Mallorca, Ibiza, Menorca, Formentera y Alicante\",\"publisher\":{\"@id\":\"https:\\\/\\\/detectivesgarbo.com\\\/#organization\"},\"potentialAction\":[{\"@type\":\"SearchAction\",\"target\":{\"@type\":\"EntryPoint\",\"urlTemplate\":\"https:\\\/\\\/detectivesgarbo.com\\\/?s={search_term_string}\"},\"query-input\":{\"@type\":\"PropertyValueSpecification\",\"valueRequired\":true,\"valueName\":\"search_term_string\"}}],\"inLanguage\":\"en-US\"},{\"@type\":\"Organization\",\"@id\":\"https:\\\/\\\/detectivesgarbo.com\\\/#organization\",\"name\":\"Detectives Garbo\",\"alternateName\":\"DG\",\"url\":\"https:\\\/\\\/detectivesgarbo.com\\\/\",\"logo\":{\"@type\":\"ImageObject\",\"inLanguage\":\"en-US\",\"@id\":\"https:\\\/\\\/detectivesgarbo.com\\\/#\\\/schema\\\/logo\\\/image\\\/\",\"url\":\"https:\\\/\\\/detectivesgarbo.com\\\/wp-content\\\/uploads\\\/2021\\\/07\\\/LOGOS-24.png\",\"contentUrl\":\"https:\\\/\\\/detectivesgarbo.com\\\/wp-content\\\/uploads\\\/2021\\\/07\\\/LOGOS-24.png\",\"width\":843,\"height\":627,\"caption\":\"Detectives Garbo\"},\"image\":{\"@id\":\"https:\\\/\\\/detectivesgarbo.com\\\/#\\\/schema\\\/logo\\\/image\\\/\"},\"sameAs\":[\"https:\\\/\\\/www.facebook.com\\\/detectives.garbo\\\/\",\"https:\\\/\\\/www.instagram.com\\\/detectives__garbo\\\/\",\"https:\\\/\\\/www.linkedin.com\\\/company\\\/5233409\\\/admin\\\/\",\"https:\\\/\\\/www.youtube.com\\\/channel\\\/UCf4qYDuQXW63bsA5J3I-FhA\"]}]}<\/script>\n<!-- \/ Yoast SEO plugin. -->","yoast_head_json":{"title":"Cart - Detectives Garbo","robots":{"index":"index","follow":"follow","max-snippet":"max-snippet:-1","max-image-preview":"max-image-preview:large","max-video-preview":"max-video-preview:-1"},"canonical":"https:\/\/detectivesgarbo.com\/en\/cart\/","og_locale":"en_US","og_type":"article","og_title":"Cart - Detectives Garbo","og_url":"https:\/\/detectivesgarbo.com\/en\/cart\/","og_site_name":"Detectives Garbo","article_publisher":"https:\/\/www.facebook.com\/detectives.garbo\/","article_modified_time":"2026-01-22T10:51:18+00:00","twitter_card":"summary_large_image","twitter_misc":{"Est. reading time":"5 minutes"},"schema":{"@context":"https:\/\/schema.org","@graph":[{"@type":"WebPage","@id":"https:\/\/detectivesgarbo.com\/en\/cart\/","url":"https:\/\/detectivesgarbo.com\/en\/cart\/","name":"Cart - Detectives Garbo","isPartOf":{"@id":"https:\/\/detectivesgarbo.com\/#website"},"datePublished":"2026-01-22T10:51:16+00:00","dateModified":"2026-01-22T10:51:18+00:00","breadcrumb":{"@id":"https:\/\/detectivesgarbo.com\/en\/cart\/#breadcrumb"},"inLanguage":"en-US","potentialAction":[{"@type":"ReadAction","target":["https:\/\/detectivesgarbo.com\/en\/cart\/"]}]},{"@type":"BreadcrumbList","@id":"https:\/\/detectivesgarbo.com\/en\/cart\/#breadcrumb","itemListElement":[{"@type":"ListItem","position":1,"name":"Portada","item":"https:\/\/detectivesgarbo.com\/en\/"},{"@type":"ListItem","position":2,"name":"Cart"}]},{"@type":"WebSite","@id":"https:\/\/detectivesgarbo.com\/#website","url":"https:\/\/detectivesgarbo.com\/","name":"Detectives Garbo","description":"Servicios en Mallorca, Ibiza, Menorca, Formentera y Alicante","publisher":{"@id":"https:\/\/detectivesgarbo.com\/#organization"},"potentialAction":[{"@type":"SearchAction","target":{"@type":"EntryPoint","urlTemplate":"https:\/\/detectivesgarbo.com\/?s={search_term_string}"},"query-input":{"@type":"PropertyValueSpecification","valueRequired":true,"valueName":"search_term_string"}}],"inLanguage":"en-US"},{"@type":"Organization","@id":"https:\/\/detectivesgarbo.com\/#organization","name":"Detectives Garbo","alternateName":"DG","url":"https:\/\/detectivesgarbo.com\/","logo":{"@type":"ImageObject","inLanguage":"en-US","@id":"https:\/\/detectivesgarbo.com\/#\/schema\/logo\/image\/","url":"https:\/\/detectivesgarbo.com\/wp-content\/uploads\/2021\/07\/LOGOS-24.png","contentUrl":"https:\/\/detectivesgarbo.com\/wp-content\/uploads\/2021\/07\/LOGOS-24.png","width":843,"height":627,"caption":"Detectives Garbo"},"image":{"@id":"https:\/\/detectivesgarbo.com\/#\/schema\/logo\/image\/"},"sameAs":["https:\/\/www.facebook.com\/detectives.garbo\/","https:\/\/www.instagram.com\/detectives__garbo\/","https:\/\/www.linkedin.com\/company\/5233409\/admin\/","https:\/\/www.youtube.com\/channel\/UCf4qYDuQXW63bsA5J3I-FhA"]}]}},"_links":{"self":[{"href":"https:\/\/detectivesgarbo.com\/en\/wp-json\/wp\/v2\/pages\/11661","targetHints":{"allow":["GET"]}}],"collection":[{"href":"https:\/\/detectivesgarbo.com\/en\/wp-json\/wp\/v2\/pages"}],"about":[{"href":"https:\/\/detectivesgarbo.com\/en\/wp-json\/wp\/v2\/types\/page"}],"author":[{"embeddable":true,"href":"https:\/\/detectivesgarbo.com\/en\/wp-json\/wp\/v2\/users\/1"}],"replies":[{"embeddable":true,"href":"https:\/\/detectivesgarbo.com\/en\/wp-json\/wp\/v2\/comments?post=11661"}],"version-history":[{"count":3,"href":"https:\/\/detectivesgarbo.com\/en\/wp-json\/wp\/v2\/pages\/11661\/revisions"}],"predecessor-version":[{"id":11674,"href":"https:\/\/detectivesgarbo.com\/en\/wp-json\/wp\/v2\/pages\/11661\/revisions\/11674"}],"wp:attachment":[{"href":"https:\/\/detectivesgarbo.com\/en\/wp-json\/wp\/v2\/media?parent=11661"}],"curies":[{"name":"wp","href":"https:\/\/api.w.org\/{rel}","templated":true}]}}